{"id":48,"date":"2014-05-21T13:01:06","date_gmt":"2014-05-21T11:01:06","guid":{"rendered":"https:\/\/www.medienzentrum-wmk.de\/wp-medien\/?page_id=48"},"modified":"2022-12-02T12:45:50","modified_gmt":"2022-12-02T10:45:50","slug":"medienverleih","status":"publish","type":"page","link":"https:\/\/www.medienzentrum-wmk.de\/wp-medien\/medienverleih\/","title":{"rendered":"Medien &#038; Verleih"},"content":{"rendered":"<div style=\"float: left; width: 48%; margin-right: 4%;\">\n<h3 class=\"unterstrich\">Neu im Medienverleih<\/h3>\n<p><span style=\"color: #ff0000;\"><strong>Wir haben folgende Medien f\u00fcr Sie aufgenommen, <\/strong><\/span><br \/>\n<span style=\"color: #ff0000;\"><strong>die entsprechende Liste finden Sie <span style=\"color: #ff0000;\"><a href=\"https:\/\/www.medienzentrum-wmk.de\/wp-medien\/wp-content\/uploads\/2022\/12\/BestandDez2022.jpg\">*hier*<\/a>.<\/span><\/strong><\/span><\/p>\n<p><img decoding=\"async\" style=\"width: 400px; padding-top: 10px;\" src=\"https:\/\/www.medienzentrum-wmk.de\/wp-medien\/wp-content\/uploads\/2014\/05\/medien_klein-1024x371.png\" \/><\/p>\n<h3 class=\"unterstrich\">Anleitung EDU-ID<\/h3>\n<p><a href=\"https:\/\/www.youtube.com\/watch?v=hU7FcoG3lMQ\">Hier <\/a>finden Sie eine ausf\u00fchrliche Anleitung zur Erstellung Ihrer EDU-ID.<\/p>\n<h3 class=\"unterstrich\">Anleitung Antolin<\/h3>\n<p><a href=\"https:\/\/www.youtube.com\/watch?v=qrDnoBJ51iw\">Hier <\/a>finden Sie eine ausf\u00fchrliche Anleitung f\u00fcr Antolin.<\/p>\n<p><span style=\"font-size: 10pt;\">Lehrkr\u00e4fte, deren Schule \u00fcber eine Antolin-Lizenz verf\u00fcgt, erfahren hier, wie sie ihre eigenen Zugangsdaten erhalten, wie die der Sch\u00fcler und wie das Programm insgesamt funktioniert.<\/span><\/p>\n<\/div>\n<div style=\"float: left; width: 48%;\">\n<h3 class=\"unterstrich\">Online-Medienverleih<\/h3>\n<p><a href=\"https:\/\/www.medienzentrum-wmk.de\/wp-medien\/nutzungsbedingen\/\"><img decoding=\"async\" style=\"width: 100%; height: auto;\" src=\"https:\/\/www.datenbank-bildungsmedien.net\/ics\/banner_zentral_IP.jpg\" alt=\"Landesportal Hessen\" border=\"0\" \/><br \/>\n<strong>Die Online-Ausleihe bzw. den Medienbestand erreichen Sie hier.<\/strong><\/a><\/p>\n<h3 class=\"unterstrich\">Ger\u00e4teverleih<\/h3>\n<p>Wir bitten um rechtzeitige Reservierung der ben\u00f6tigten Ger\u00e4te.<\/p>\n<ul>\n<li>(DVD-) Beamer<\/li>\n<li>Notebooks<\/li>\n<li>Stehbildwerfer (aller Art)<\/li>\n<li>Dokumentenkamera<\/li>\n<li>Handycam<\/li>\n<li>VHS-Rekorder<\/li>\n<li>DVD-Player<\/li>\n<li>digitaler Fotoapparat<\/li>\n<li>Easi-Speack pro<\/li>\n<li>FlipVideo<\/li>\n<\/ul>\n<\/div>\n<div class=\"clear\"><\/div>\n","protected":false},"excerpt":{"rendered":"<p>Neu im Medienverleih Wir haben folgende Medien f\u00fcr Sie aufgenommen, die entsprechende Liste finden Sie *hier*. Anleitung EDU-ID Hier finden Sie eine ausf\u00fchrliche Anleitung zur Erstellung Ihrer EDU-ID. Anleitung Antolin Hier finden Sie eine ausf\u00fchrliche Anleitung f\u00fcr Antolin. Lehrkr\u00e4fte, deren Schule \u00fcber eine Antolin-Lizenz verf\u00fcgt, erfahren hier, wie sie ihre eigenen Zugangsdaten erhalten, wie die [&hellip;]<\/p>\n","protected":false},"author":2,"featured_media":0,"parent":0,"menu_order":0,"comment_status":"closed","ping_status":"open","template":"","meta":{"footnotes":""},"class_list":["post-48","page","type-page","status-publish","hentry","wpautop"],"yoast_head":"<!-- This site is optimized with the Yoast SEO plugin v27.4 - https:\/\/yoast.com\/product\/yoast-seo-wordpress\/ -->\n<title>Medien &amp; Verleih - Medienzentrum Werra-Mei\u00dfner-Kreis \u2013 Medien \u2013<\/title>\n<meta name=\"robots\" content=\"index, follow, max-snippet:-1, max-image-preview:large, max-video-preview:-1\" \/>\n<link rel=\"canonical\" href=\"https:\/\/www.medienzentrum-wmk.de\/wp-medien\/medienverleih\/\" \/>\n<meta property=\"og:locale\" content=\"de_DE\" \/>\n<meta property=\"og:type\" content=\"article\" \/>\n<meta property=\"og:title\" content=\"Medien &amp; Verleih - Medienzentrum Werra-Mei\u00dfner-Kreis \u2013 Medien \u2013\" \/>\n<meta property=\"og:description\" content=\"Neu im Medienverleih Wir haben folgende Medien f\u00fcr Sie aufgenommen, die entsprechende Liste finden Sie *hier*. Anleitung EDU-ID Hier finden Sie eine ausf\u00fchrliche Anleitung zur Erstellung Ihrer EDU-ID. Anleitung Antolin Hier finden Sie eine ausf\u00fchrliche Anleitung f\u00fcr Antolin. Lehrkr\u00e4fte, deren Schule \u00fcber eine Antolin-Lizenz verf\u00fcgt, erfahren hier, wie sie ihre eigenen Zugangsdaten erhalten, wie die [&hellip;]\" \/>\n<meta property=\"og:url\" content=\"https:\/\/www.medienzentrum-wmk.de\/wp-medien\/medienverleih\/\" \/>\n<meta property=\"og:site_name\" content=\"Medienzentrum Werra-Mei\u00dfner-Kreis \u2013 Medien \u2013\" \/>\n<meta property=\"article:modified_time\" content=\"2022-12-02T10:45:50+00:00\" \/>\n<meta property=\"og:image\" content=\"https:\/\/www.medienzentrum-wmk.de\/wp-medien\/wp-content\/uploads\/2014\/05\/medien_klein-1024x371.png\" \/>\n<meta name=\"twitter:card\" content=\"summary_large_image\" \/>\n<meta name=\"twitter:label1\" content=\"Gesch\u00e4tzte Lesezeit\" \/>\n\t<meta name=\"twitter:data1\" content=\"1\u00a0Minute\" \/>\n<script type=\"application\/ld+json\" class=\"yoast-schema-graph\">{\"@context\":\"https:\\\/\\\/schema.org\",\"@graph\":[{\"@type\":\"WebPage\",\"@id\":\"https:\\\/\\\/www.medienzentrum-wmk.de\\\/wp-medien\\\/medienverleih\\\/\",\"url\":\"https:\\\/\\\/www.medienzentrum-wmk.de\\\/wp-medien\\\/medienverleih\\\/\",\"name\":\"Medien & Verleih - Medienzentrum Werra-Mei\u00dfner-Kreis \u2013 Medien \u2013\",\"isPartOf\":{\"@id\":\"https:\\\/\\\/www.medienzentrum-wmk.de\\\/wp-medien\\\/#website\"},\"primaryImageOfPage\":{\"@id\":\"https:\\\/\\\/www.medienzentrum-wmk.de\\\/wp-medien\\\/medienverleih\\\/#primaryimage\"},\"image\":{\"@id\":\"https:\\\/\\\/www.medienzentrum-wmk.de\\\/wp-medien\\\/medienverleih\\\/#primaryimage\"},\"thumbnailUrl\":\"https:\\\/\\\/www.medienzentrum-wmk.de\\\/wp-medien\\\/wp-content\\\/uploads\\\/2014\\\/05\\\/medien_klein-1024x371.png\",\"datePublished\":\"2014-05-21T11:01:06+00:00\",\"dateModified\":\"2022-12-02T10:45:50+00:00\",\"breadcrumb\":{\"@id\":\"https:\\\/\\\/www.medienzentrum-wmk.de\\\/wp-medien\\\/medienverleih\\\/#breadcrumb\"},\"inLanguage\":\"de\",\"potentialAction\":[{\"@type\":\"ReadAction\",\"target\":[\"https:\\\/\\\/www.medienzentrum-wmk.de\\\/wp-medien\\\/medienverleih\\\/\"]}]},{\"@type\":\"ImageObject\",\"inLanguage\":\"de\",\"@id\":\"https:\\\/\\\/www.medienzentrum-wmk.de\\\/wp-medien\\\/medienverleih\\\/#primaryimage\",\"url\":\"https:\\\/\\\/www.medienzentrum-wmk.de\\\/wp-medien\\\/wp-content\\\/uploads\\\/2014\\\/05\\\/medien_klein.png\",\"contentUrl\":\"https:\\\/\\\/www.medienzentrum-wmk.de\\\/wp-medien\\\/wp-content\\\/uploads\\\/2014\\\/05\\\/medien_klein.png\",\"width\":1103,\"height\":400},{\"@type\":\"BreadcrumbList\",\"@id\":\"https:\\\/\\\/www.medienzentrum-wmk.de\\\/wp-medien\\\/medienverleih\\\/#breadcrumb\",\"itemListElement\":[{\"@type\":\"ListItem\",\"position\":1,\"name\":\"Startseite\",\"item\":\"https:\\\/\\\/www.medienzentrum-wmk.de\\\/wp-medien\\\/\"},{\"@type\":\"ListItem\",\"position\":2,\"name\":\"Medien &#038; Verleih\"}]},{\"@type\":\"WebSite\",\"@id\":\"https:\\\/\\\/www.medienzentrum-wmk.de\\\/wp-medien\\\/#website\",\"url\":\"https:\\\/\\\/www.medienzentrum-wmk.de\\\/wp-medien\\\/\",\"name\":\"Medienzentrum Werra-Mei\u00dfner-Kreis \u2013 Medien \u2013\",\"description\":\"\",\"potentialAction\":[{\"@type\":\"SearchAction\",\"target\":{\"@type\":\"EntryPoint\",\"urlTemplate\":\"https:\\\/\\\/www.medienzentrum-wmk.de\\\/wp-medien\\\/?s={search_term_string}\"},\"query-input\":{\"@type\":\"PropertyValueSpecification\",\"valueRequired\":true,\"valueName\":\"search_term_string\"}}],\"inLanguage\":\"de\"}]}<\/script>\n<!-- \/ Yoast SEO plugin. -->","yoast_head_json":{"title":"Medien & Verleih - Medienzentrum Werra-Mei\u00dfner-Kreis \u2013 Medien \u2013","robots":{"index":"index","follow":"follow","max-snippet":"max-snippet:-1","max-image-preview":"max-image-preview:large","max-video-preview":"max-video-preview:-1"},"canonical":"https:\/\/www.medienzentrum-wmk.de\/wp-medien\/medienverleih\/","og_locale":"de_DE","og_type":"article","og_title":"Medien & Verleih - Medienzentrum Werra-Mei\u00dfner-Kreis \u2013 Medien \u2013","og_description":"Neu im Medienverleih Wir haben folgende Medien f\u00fcr Sie aufgenommen, die entsprechende Liste finden Sie *hier*. Anleitung EDU-ID Hier finden Sie eine ausf\u00fchrliche Anleitung zur Erstellung Ihrer EDU-ID. Anleitung Antolin Hier finden Sie eine ausf\u00fchrliche Anleitung f\u00fcr Antolin. Lehrkr\u00e4fte, deren Schule \u00fcber eine Antolin-Lizenz verf\u00fcgt, erfahren hier, wie sie ihre eigenen Zugangsdaten erhalten, wie die [&hellip;]","og_url":"https:\/\/www.medienzentrum-wmk.de\/wp-medien\/medienverleih\/","og_site_name":"Medienzentrum Werra-Mei\u00dfner-Kreis \u2013 Medien \u2013","article_modified_time":"2022-12-02T10:45:50+00:00","og_image":[{"url":"https:\/\/www.medienzentrum-wmk.de\/wp-medien\/wp-content\/uploads\/2014\/05\/medien_klein-1024x371.png","type":"","width":"","height":""}],"twitter_card":"summary_large_image","twitter_misc":{"Gesch\u00e4tzte Lesezeit":"1\u00a0Minute"},"schema":{"@context":"https:\/\/schema.org","@graph":[{"@type":"WebPage","@id":"https:\/\/www.medienzentrum-wmk.de\/wp-medien\/medienverleih\/","url":"https:\/\/www.medienzentrum-wmk.de\/wp-medien\/medienverleih\/","name":"Medien & Verleih - Medienzentrum Werra-Mei\u00dfner-Kreis \u2013 Medien \u2013","isPartOf":{"@id":"https:\/\/www.medienzentrum-wmk.de\/wp-medien\/#website"},"primaryImageOfPage":{"@id":"https:\/\/www.medienzentrum-wmk.de\/wp-medien\/medienverleih\/#primaryimage"},"image":{"@id":"https:\/\/www.medienzentrum-wmk.de\/wp-medien\/medienverleih\/#primaryimage"},"thumbnailUrl":"https:\/\/www.medienzentrum-wmk.de\/wp-medien\/wp-content\/uploads\/2014\/05\/medien_klein-1024x371.png","datePublished":"2014-05-21T11:01:06+00:00","dateModified":"2022-12-02T10:45:50+00:00","breadcrumb":{"@id":"https:\/\/www.medienzentrum-wmk.de\/wp-medien\/medienverleih\/#breadcrumb"},"inLanguage":"de","potentialAction":[{"@type":"ReadAction","target":["https:\/\/www.medienzentrum-wmk.de\/wp-medien\/medienverleih\/"]}]},{"@type":"ImageObject","inLanguage":"de","@id":"https:\/\/www.medienzentrum-wmk.de\/wp-medien\/medienverleih\/#primaryimage","url":"https:\/\/www.medienzentrum-wmk.de\/wp-medien\/wp-content\/uploads\/2014\/05\/medien_klein.png","contentUrl":"https:\/\/www.medienzentrum-wmk.de\/wp-medien\/wp-content\/uploads\/2014\/05\/medien_klein.png","width":1103,"height":400},{"@type":"BreadcrumbList","@id":"https:\/\/www.medienzentrum-wmk.de\/wp-medien\/medienverleih\/#breadcrumb","itemListElement":[{"@type":"ListItem","position":1,"name":"Startseite","item":"https:\/\/www.medienzentrum-wmk.de\/wp-medien\/"},{"@type":"ListItem","position":2,"name":"Medien &#038; Verleih"}]},{"@type":"WebSite","@id":"https:\/\/www.medienzentrum-wmk.de\/wp-medien\/#website","url":"https:\/\/www.medienzentrum-wmk.de\/wp-medien\/","name":"Medienzentrum Werra-Mei\u00dfner-Kreis \u2013 Medien \u2013","description":"","potentialAction":[{"@type":"SearchAction","target":{"@type":"EntryPoint","urlTemplate":"https:\/\/www.medienzentrum-wmk.de\/wp-medien\/?s={search_term_string}"},"query-input":{"@type":"PropertyValueSpecification","valueRequired":true,"valueName":"search_term_string"}}],"inLanguage":"de"}]}},"_links":{"self":[{"href":"https:\/\/www.medienzentrum-wmk.de\/wp-medien\/wp-json\/wp\/v2\/pages\/48","targetHints":{"allow":["GET"]}}],"collection":[{"href":"https:\/\/www.medienzentrum-wmk.de\/wp-medien\/wp-json\/wp\/v2\/pages"}],"about":[{"href":"https:\/\/www.medienzentrum-wmk.de\/wp-medien\/wp-json\/wp\/v2\/types\/page"}],"author":[{"embeddable":true,"href":"https:\/\/www.medienzentrum-wmk.de\/wp-medien\/wp-json\/wp\/v2\/users\/2"}],"replies":[{"embeddable":true,"href":"https:\/\/www.medienzentrum-wmk.de\/wp-medien\/wp-json\/wp\/v2\/comments?post=48"}],"version-history":[{"count":15,"href":"https:\/\/www.medienzentrum-wmk.de\/wp-medien\/wp-json\/wp\/v2\/pages\/48\/revisions"}],"predecessor-version":[{"id":741,"href":"https:\/\/www.medienzentrum-wmk.de\/wp-medien\/wp-json\/wp\/v2\/pages\/48\/revisions\/741"}],"wp:attachment":[{"href":"https:\/\/www.medienzentrum-wmk.de\/wp-medien\/wp-json\/wp\/v2\/media?parent=48"}],"curies":[{"name":"wp","href":"https:\/\/api.w.org\/{rel}","templated":true}]}}