{"id":55,"date":"2014-05-21T13:29:43","date_gmt":"2014-05-21T11:29:43","guid":{"rendered":"https:\/\/www.medienzentrum-wmk.de\/wp-medien\/?page_id=55"},"modified":"2020-06-02T08:17:12","modified_gmt":"2020-06-02T06:17:12","slug":"veranstaltungen","status":"publish","type":"page","link":"https:\/\/www.medienzentrum-wmk.de\/wp-medien\/veranstaltungen\/","title":{"rendered":"Veranstaltungen"},"content":{"rendered":"<p><iframe src=\"https:\/\/app1.edoobox.com\/mzwmk\/Medienzentrum%20Werra-Mei%C3%9Fner-Kreis?edref=mzwmk\" name=\"edooboxFrame_mzwmk\" id=\"edoobox_mzwmk\" style=\"border:none; width:100%; height:600px;\" frameborder=\"0\" seamless data-scrolltop><a href=\"https:\/\/app1.edoobox.com\/mzwmk\/Medienzentrum%20Werra-Mei%C3%9Fner-Kreis?edref=mzwmk\">\u00dcbersicht anzeigen<\/a><\/iframe><script type=\"text\/javascript\" src=\"https:\/\/cdn1.edoobox.com\/edoobox.iframe.embedded.v2.2.js\"><\/script><\/p>\n<p>Bei Darstellungsproblemen \u00f6ffnen Sie die Seite in einem neuen Fenster:<br \/>\n<a href=\"https:\/\/app1.edoobox.com\/mzwmk\/Medienzentrum%20Werra-Mei\u00dfner-Kreis?edref=mzwmk\">https:\/\/app1.edoobox.com\/mzwmk\/Medienzentrum%20Werra-Mei\u00dfner-Kreis?edref=mzwmk<\/a><\/p>\n<p><small><\/p>\n<p><b>Hinweise zum Datenschutz<\/b><\/p>\n<p>Es gilt die auf dieser Internetseite zu lesende Datenschutzerkl\u00e4rung.<\/p>\n<p>Bei Online-Kursen beachten Sie bitte zus\u00e4tzlich auch die Datenschutzerkl\u00e4rung der Software bzw. Anwendung, die f\u00fcr den Kurs eingesetzt wird.<\/p>\n<p>F\u00fcr die Buchung von Fortbildungen und Seminaren gilt zus\u00e4tzlich:<\/p>\n<p><b>Ihre Daten<\/b><\/p>\n<p>Das Medienzentrum Werra-Mei\u00dfner-Kreis (&#8222;Anbieter&#8220;) verwendet als Buchungssystem die Softwarel\u00f6sung edoobox.com der Etzensperger Informatik AG. (im Folgenden \u201eDienstanbieter\u201c genannt) Der Anbieter verwendet pers\u00f6nliche Daten nur zur Erf\u00fcllung der Dienstleistung gem\u00e4\u00df den Allgemeinen Gesch\u00e4ftsbedingungen sowie dieser Datenschutzrichtlinie. Der Anbieter gibt pers\u00f6nliche Daten grunds\u00e4tzlich nicht weiter. Eine Weitergabe erfolgt nur, (i) wenn ein Angebot gebucht wird, dann werden die Daten beim Dienstanbieter gespeichert.,(ii) wenn ein Teilnehmer oder Veranstalter seine explizite Einwilligung gibt; (iii) wenn gem\u00e4\u00df Einsch\u00e4tzung des Anbieter eine gesetzliche Pflicht zur Weitergabe besteht; (iv) wenn dies notwendig ist, um die Sicherheit anderer Benutzer zu wahren; (v) wenn dies notwendig ist, um die Allgemeinen Gesch\u00e4ftsbedingungen oder die Rechte des Anbieters durchzusetzen oder diesbez\u00fcgliche Untersuchungen anzustellen. Unsere Mitarbeitenden werden von uns zur Verschwiegenheit und zur Einhaltung der Bestimmungen der geltenden Datenschutzgesetze verpflichtet.<\/p>\n<p><b>Cookies edoobox Online Buchungssystem<\/b><\/p>\n<p>Es werden Cookies (kleine Informationseinheiten) und tempor\u00e4re Dateien auf Ihrem Computer gespeichert. Cookies und tempor\u00e4re Dateien tragen dazu bei, dass edoobox funktioniert, und dass Seiten schneller geladen werden, weil bestimmte Inhalte auf Ihrem Computer bereits gespeichert sind oder indem sie helfen, personalisierte Inhalte schneller anzubieten und Benutzereinstellungen abzulegen. edoobox verwendet Cookies auch, um statistische Informationen aufzuzeichnen, um die Benutzung der Dienstleistung zu erleichtern.<\/p>\n<p><b>Mailversand<\/b><\/p>\n<p>Der Mailversand vom Anbieter erfolgt standardm\u00e4\u00dfig \u00fcber den Mailprovider edoobox.com (Postausgangsserver), dazu ist es notwendig die Mailadresse und in der Mail eventuell weitere personen- und angebotsbezogene Daten mitzusenden.<\/p>\n<p>Welche Rechte haben betroffene Personen, die sich in einem Angebot eingetragen, d.h. Teilnehmer, die angemeldet\/gebucht haben<\/p>\n<p>In \u00dcbereinstimmung mit der aktuellen Fassung und der Europ\u00e4ischen Allgemeinen Datenschutzverordnung 2016\/679 EU DSGVO haben Sie ein Recht auf Zugang, Berichtigung und Beseitigung Ihrer personenbezogenen Daten. Alle Personendaten, die wir aufbewahren und verarbeiten, k\u00f6nnen von den zust\u00e4ndigen Administratoren eingesehen, korrigiert oder gel\u00f6scht werden. Sollten Sie bemerken, dass sich unter den von uns \u00fcber Sie aufbewahrten personenbezogenen Daten falsche oder unvollst\u00e4ndige Daten befinden, k\u00f6nnen Sie verlangen, diese Informationen einzusehen, sie zu korrigieren oder l\u00f6schen zu lassen. Bitte setzen Sie sich mit dem Anbieter der gebuchten Angebote in Verbindung. Sollten Sie Beschwerde dar\u00fcber einreichen wollen, wie der Anbieter der Angebote Ihre personenbezogenen Daten gehandhabt hat, setzen Sie sich bitte mit dem Datenschutzbeauftragten des Anbieters der gebuchten Angebote per E-Mail oder schriftlich in Verbindung. Falls Sie auch danach den Eindruck haben, dass Ihre personenbezogenen Daten nicht dem Gesetz entsprechend gehandhabt wurden, k\u00f6nnen Sie sich mit der zust\u00e4ndigen Datenschutzbeh\u00f6rde in Verbindung setzen und dort Beschwerde einreichen.<\/p>\n<p><b>Aufbewahrungsdauer der Daten<\/b><\/p>\n<p>Personenbezogene Daten werden f\u00fcr die Dauer der jeweiligen gesetzlichen Aufbewahrungsfrist gespeichert. Nach Ablauf der Frist erfolgt eine routinem\u00e4\u00dfige L\u00f6schung der Daten, sofern nicht eine Erforderlichkeit f\u00fcr eine Vertragsanbahnung oder die Vertragserf\u00fcllung besteht.<\/p>\n<p><b>\u00c4nderungen<\/b><\/p>\n<p>Der Anbieter beh\u00e4lt sich das Recht vor, diese Datenschutzerkl\u00e4rung jederzeit neuen Gegebenheiten oder neuen Gesetzesbestimmungen anzupassen. Es gilt die Datenschutzerkl\u00e4rung in deutscher Sprache.<\/p>\n<p><\/small><\/p>\n<h3 class=\"unterstrich\">kommende Veranstaltungen<\/h3>\n<p>Wir m\u00f6chten Sie herzlich zu folgenden Fortbildungen einladen<\/p>\n<ul>\n<li><a href=\"https:\/\/www.medienzentrum-wmk.de\/wp-medien\/wp-content\/uploads\/2019\/08\/Mediencamp2019.jpeg\">Mediencamp<\/a><\/li>\n<\/ul>\n<p>&nbsp;<\/p>\n<h3 class=\"unterstrich\">vergangene Veranstaltungen<\/h3>\n<ul>\n<li><a href=\"https:\/\/mediencampwmk.wordpress.com\/\">Mediencamp<\/a><\/li>\n<\/ul>\n","protected":false},"excerpt":{"rendered":"<p>\u00dcbersicht anzeigen Bei Darstellungsproblemen \u00f6ffnen Sie die Seite in einem neuen Fenster: https:\/\/app1.edoobox.com\/mzwmk\/Medienzentrum%20Werra-Mei\u00dfner-Kreis?edref=mzwmk Hinweise zum Datenschutz Es gilt die auf dieser Internetseite zu lesende Datenschutzerkl\u00e4rung. Bei Online-Kursen beachten Sie bitte zus\u00e4tzlich auch die Datenschutzerkl\u00e4rung der Software bzw. Anwendung, die f\u00fcr den Kurs eingesetzt wird. F\u00fcr die Buchung von Fortbildungen und Seminaren gilt zus\u00e4tzlich: Ihre Daten [&hellip;]<\/p>\n","protected":false},"author":2,"featured_media":0,"parent":0,"menu_order":0,"comment_status":"closed","ping_status":"open","template":"","meta":{"footnotes":""},"class_list":["post-55","page","type-page","status-publish","hentry","wpautop"],"yoast_head":"<!-- This site is optimized with the Yoast SEO plugin v27.4 - https:\/\/yoast.com\/product\/yoast-seo-wordpress\/ -->\n<title>Veranstaltungen - Medienzentrum Werra-Mei\u00dfner-Kreis \u2013 Medien \u2013<\/title>\n<meta name=\"robots\" content=\"index, follow, max-snippet:-1, max-image-preview:large, max-video-preview:-1\" \/>\n<link rel=\"canonical\" href=\"https:\/\/www.medienzentrum-wmk.de\/wp-medien\/veranstaltungen\/\" \/>\n<meta property=\"og:locale\" content=\"de_DE\" \/>\n<meta property=\"og:type\" content=\"article\" \/>\n<meta property=\"og:title\" content=\"Veranstaltungen - Medienzentrum Werra-Mei\u00dfner-Kreis \u2013 Medien \u2013\" \/>\n<meta property=\"og:description\" content=\"\u00dcbersicht anzeigen Bei Darstellungsproblemen \u00f6ffnen Sie die Seite in einem neuen Fenster: https:\/\/app1.edoobox.com\/mzwmk\/Medienzentrum%20Werra-Mei\u00dfner-Kreis?edref=mzwmk Hinweise zum Datenschutz Es gilt die auf dieser Internetseite zu lesende Datenschutzerkl\u00e4rung. Bei Online-Kursen beachten Sie bitte zus\u00e4tzlich auch die Datenschutzerkl\u00e4rung der Software bzw. Anwendung, die f\u00fcr den Kurs eingesetzt wird. F\u00fcr die Buchung von Fortbildungen und Seminaren gilt zus\u00e4tzlich: Ihre Daten [&hellip;]\" \/>\n<meta property=\"og:url\" content=\"https:\/\/www.medienzentrum-wmk.de\/wp-medien\/veranstaltungen\/\" \/>\n<meta property=\"og:site_name\" content=\"Medienzentrum Werra-Mei\u00dfner-Kreis \u2013 Medien \u2013\" \/>\n<meta property=\"article:modified_time\" content=\"2020-06-02T06:17:12+00:00\" \/>\n<meta name=\"twitter:card\" content=\"summary_large_image\" \/>\n<meta name=\"twitter:label1\" content=\"Gesch\u00e4tzte Lesezeit\" \/>\n\t<meta name=\"twitter:data1\" content=\"3\u00a0Minuten\" \/>\n<script type=\"application\/ld+json\" class=\"yoast-schema-graph\">{\"@context\":\"https:\\\/\\\/schema.org\",\"@graph\":[{\"@type\":\"WebPage\",\"@id\":\"https:\\\/\\\/www.medienzentrum-wmk.de\\\/wp-medien\\\/veranstaltungen\\\/\",\"url\":\"https:\\\/\\\/www.medienzentrum-wmk.de\\\/wp-medien\\\/veranstaltungen\\\/\",\"name\":\"Veranstaltungen - Medienzentrum Werra-Mei\u00dfner-Kreis \u2013 Medien \u2013\",\"isPartOf\":{\"@id\":\"https:\\\/\\\/www.medienzentrum-wmk.de\\\/wp-medien\\\/#website\"},\"datePublished\":\"2014-05-21T11:29:43+00:00\",\"dateModified\":\"2020-06-02T06:17:12+00:00\",\"breadcrumb\":{\"@id\":\"https:\\\/\\\/www.medienzentrum-wmk.de\\\/wp-medien\\\/veranstaltungen\\\/#breadcrumb\"},\"inLanguage\":\"de\",\"potentialAction\":[{\"@type\":\"ReadAction\",\"target\":[\"https:\\\/\\\/www.medienzentrum-wmk.de\\\/wp-medien\\\/veranstaltungen\\\/\"]}]},{\"@type\":\"BreadcrumbList\",\"@id\":\"https:\\\/\\\/www.medienzentrum-wmk.de\\\/wp-medien\\\/veranstaltungen\\\/#breadcrumb\",\"itemListElement\":[{\"@type\":\"ListItem\",\"position\":1,\"name\":\"Startseite\",\"item\":\"https:\\\/\\\/www.medienzentrum-wmk.de\\\/wp-medien\\\/\"},{\"@type\":\"ListItem\",\"position\":2,\"name\":\"Veranstaltungen\"}]},{\"@type\":\"WebSite\",\"@id\":\"https:\\\/\\\/www.medienzentrum-wmk.de\\\/wp-medien\\\/#website\",\"url\":\"https:\\\/\\\/www.medienzentrum-wmk.de\\\/wp-medien\\\/\",\"name\":\"Medienzentrum Werra-Mei\u00dfner-Kreis \u2013 Medien \u2013\",\"description\":\"\",\"potentialAction\":[{\"@type\":\"SearchAction\",\"target\":{\"@type\":\"EntryPoint\",\"urlTemplate\":\"https:\\\/\\\/www.medienzentrum-wmk.de\\\/wp-medien\\\/?s={search_term_string}\"},\"query-input\":{\"@type\":\"PropertyValueSpecification\",\"valueRequired\":true,\"valueName\":\"search_term_string\"}}],\"inLanguage\":\"de\"}]}<\/script>\n<!-- \/ Yoast SEO plugin. -->","yoast_head_json":{"title":"Veranstaltungen - Medienzentrum Werra-Mei\u00dfner-Kreis \u2013 Medien \u2013","robots":{"index":"index","follow":"follow","max-snippet":"max-snippet:-1","max-image-preview":"max-image-preview:large","max-video-preview":"max-video-preview:-1"},"canonical":"https:\/\/www.medienzentrum-wmk.de\/wp-medien\/veranstaltungen\/","og_locale":"de_DE","og_type":"article","og_title":"Veranstaltungen - Medienzentrum Werra-Mei\u00dfner-Kreis \u2013 Medien \u2013","og_description":"\u00dcbersicht anzeigen Bei Darstellungsproblemen \u00f6ffnen Sie die Seite in einem neuen Fenster: https:\/\/app1.edoobox.com\/mzwmk\/Medienzentrum%20Werra-Mei\u00dfner-Kreis?edref=mzwmk Hinweise zum Datenschutz Es gilt die auf dieser Internetseite zu lesende Datenschutzerkl\u00e4rung. Bei Online-Kursen beachten Sie bitte zus\u00e4tzlich auch die Datenschutzerkl\u00e4rung der Software bzw. Anwendung, die f\u00fcr den Kurs eingesetzt wird. F\u00fcr die Buchung von Fortbildungen und Seminaren gilt zus\u00e4tzlich: Ihre Daten [&hellip;]","og_url":"https:\/\/www.medienzentrum-wmk.de\/wp-medien\/veranstaltungen\/","og_site_name":"Medienzentrum Werra-Mei\u00dfner-Kreis \u2013 Medien \u2013","article_modified_time":"2020-06-02T06:17:12+00:00","twitter_card":"summary_large_image","twitter_misc":{"Gesch\u00e4tzte Lesezeit":"3\u00a0Minuten"},"schema":{"@context":"https:\/\/schema.org","@graph":[{"@type":"WebPage","@id":"https:\/\/www.medienzentrum-wmk.de\/wp-medien\/veranstaltungen\/","url":"https:\/\/www.medienzentrum-wmk.de\/wp-medien\/veranstaltungen\/","name":"Veranstaltungen - Medienzentrum Werra-Mei\u00dfner-Kreis \u2013 Medien \u2013","isPartOf":{"@id":"https:\/\/www.medienzentrum-wmk.de\/wp-medien\/#website"},"datePublished":"2014-05-21T11:29:43+00:00","dateModified":"2020-06-02T06:17:12+00:00","breadcrumb":{"@id":"https:\/\/www.medienzentrum-wmk.de\/wp-medien\/veranstaltungen\/#breadcrumb"},"inLanguage":"de","potentialAction":[{"@type":"ReadAction","target":["https:\/\/www.medienzentrum-wmk.de\/wp-medien\/veranstaltungen\/"]}]},{"@type":"BreadcrumbList","@id":"https:\/\/www.medienzentrum-wmk.de\/wp-medien\/veranstaltungen\/#breadcrumb","itemListElement":[{"@type":"ListItem","position":1,"name":"Startseite","item":"https:\/\/www.medienzentrum-wmk.de\/wp-medien\/"},{"@type":"ListItem","position":2,"name":"Veranstaltungen"}]},{"@type":"WebSite","@id":"https:\/\/www.medienzentrum-wmk.de\/wp-medien\/#website","url":"https:\/\/www.medienzentrum-wmk.de\/wp-medien\/","name":"Medienzentrum Werra-Mei\u00dfner-Kreis \u2013 Medien \u2013","description":"","potentialAction":[{"@type":"SearchAction","target":{"@type":"EntryPoint","urlTemplate":"https:\/\/www.medienzentrum-wmk.de\/wp-medien\/?s={search_term_string}"},"query-input":{"@type":"PropertyValueSpecification","valueRequired":true,"valueName":"search_term_string"}}],"inLanguage":"de"}]}},"_links":{"self":[{"href":"https:\/\/www.medienzentrum-wmk.de\/wp-medien\/wp-json\/wp\/v2\/pages\/55","targetHints":{"allow":["GET"]}}],"collection":[{"href":"https:\/\/www.medienzentrum-wmk.de\/wp-medien\/wp-json\/wp\/v2\/pages"}],"about":[{"href":"https:\/\/www.medienzentrum-wmk.de\/wp-medien\/wp-json\/wp\/v2\/types\/page"}],"author":[{"embeddable":true,"href":"https:\/\/www.medienzentrum-wmk.de\/wp-medien\/wp-json\/wp\/v2\/users\/2"}],"replies":[{"embeddable":true,"href":"https:\/\/www.medienzentrum-wmk.de\/wp-medien\/wp-json\/wp\/v2\/comments?post=55"}],"version-history":[{"count":19,"href":"https:\/\/www.medienzentrum-wmk.de\/wp-medien\/wp-json\/wp\/v2\/pages\/55\/revisions"}],"predecessor-version":[{"id":645,"href":"https:\/\/www.medienzentrum-wmk.de\/wp-medien\/wp-json\/wp\/v2\/pages\/55\/revisions\/645"}],"wp:attachment":[{"href":"https:\/\/www.medienzentrum-wmk.de\/wp-medien\/wp-json\/wp\/v2\/media?parent=55"}],"curies":[{"name":"wp","href":"https:\/\/api.w.org\/{rel}","templated":true}]}}