{"id":750,"date":"2023-02-02T13:25:33","date_gmt":"2023-02-02T11:25:33","guid":{"rendered":"https:\/\/www.medienzentrum-wmk.de\/wp-medien\/?page_id=750"},"modified":"2023-02-02T14:02:13","modified_gmt":"2023-02-02T12:02:13","slug":"edupool-3-0-start-auf-die-neue-programmversion-am-01-02-2023","status":"publish","type":"page","link":"https:\/\/www.medienzentrum-wmk.de\/wp-medien\/edupool-3-0-start-auf-die-neue-programmversion-am-01-02-2023\/","title":{"rendered":"Edupool 3.0 \u2013 Start auf die neue Programmversion am 01.02.2023"},"content":{"rendered":"<div class=\"entry-thumb\"><a href=\"https:\/\/hessen.edupool.de\/home?standort=9\" target=\"_blank\" rel=\"noopener\"><img loading=\"lazy\" decoding=\"async\" class=\"wp-image-753 alignnone\" src=\"https:\/\/www.medienzentrum-wmk.de\/wp-medien\/wp-content\/uploads\/2023\/02\/edupool_Hessen_screen.jpg\" alt=\"\" width=\"727\" height=\"501\" srcset=\"https:\/\/www.medienzentrum-wmk.de\/wp-medien\/wp-content\/uploads\/2023\/02\/edupool_Hessen_screen.jpg 1003w, https:\/\/www.medienzentrum-wmk.de\/wp-medien\/wp-content\/uploads\/2023\/02\/edupool_Hessen_screen-300x207.jpg 300w, https:\/\/www.medienzentrum-wmk.de\/wp-medien\/wp-content\/uploads\/2023\/02\/edupool_Hessen_screen-150x103.jpg 150w, https:\/\/www.medienzentrum-wmk.de\/wp-medien\/wp-content\/uploads\/2023\/02\/edupool_Hessen_screen-768x529.jpg 768w\" sizes=\"auto, (max-width: 727px) 100vw, 727px\" \/><\/a><\/div>\n<div class=\"entry-content\">\n<p>Der Edupool 3.0 in einem neuen, stark \u00fcberarbeiteten, modernen und funktionellerem Gewand ist online geschaltet. Der Edupool 3.0 bietet nicht nur ein zeitgem\u00e4\u00dfes Webdesign, sondern auch Verbesserungen hinsichtlich \u00dcbersichtlichkeit, neue Filterfunktionen f\u00fcr die Mediensuche und eine einfachere Bedienung.<\/p>\n<p>Tutorials zur Nutzung der neuen Mediathek 3.0 der hesssichen Medienzentren:<br \/>\n<strong>Auswahl des Medienzentrums, Registrierung und Anmeldung<\/strong>:<\/p>\n<p><iframe loading=\"lazy\" src=\"https:\/\/playout01.edupool.cloud\/open\/hessen\/12835446\/HMZ%201%20-%20Registrierung%20&amp;%20Anmeldung_v2.mp4\" width=\"100%\" height=\"350px\" frameborder=\"0\" marginwidth=\"500px\" marginheight=\"350px\" scrolling=\"no\" allowfullscreen=\"allowfullscreen\" data-mce-fragment=\"1\"><\/iframe><strong>Die Mediensuche<\/strong>,\u00a0<strong>die Filterfunktion sowie externe Tools:<\/strong><\/p>\n<p><iframe loading=\"lazy\" src=\"https:\/\/playout01.edupool.cloud\/open\/hessen\/12835478\/HMZ%202%20-%20Der%20Edupool.mp4\" width=\"100%\" height=\"350px\" frameborder=\"0\" marginwidth=\"500px\" marginheight=\"350px\" scrolling=\"no\" allowfullscreen=\"allowfullscreen\" data-mce-fragment=\"1\"><\/iframe><strong>Lernenden, SuS die Medien zur Verf\u00fcgung stellen:<\/strong><\/p>\n<p><iframe loading=\"lazy\" src=\"https:\/\/playout01.edupool.cloud\/open\/hessen\/12835479\/HMZ%203%20-%20Lerngruppen%20&amp;%20Medienlisten.mp4\" width=\"100%\" height=\"350px\" frameborder=\"0\" marginwidth=\"500px\" marginheight=\"350px\" scrolling=\"no\" allowfullscreen=\"allowfullscreen\" data-mce-fragment=\"1\"><\/iframe>Medien des Edupools k\u00f6nnen auch einfach in \u201eEdumaps\u201c eingebunden und so den Sch\u00fcler:innen zur Verf\u00fcgung gestellt werden. Edumaps ist ein Tool zur Erstellung von digitalen Pinw\u00e4nden. Die notwenige Lizenz haben die hessischen Medienzentren erworben. Damit steht dieses Tool allen hesssichen Lehrkr\u00e4ften kostenfrei und datenschutzrechtlich sicher als Onlineplattform zur Verf\u00fcgung. Pinnw\u00e4nde, Timelines, Wochenpl\u00e4ne k\u00f6nnen f\u00fcr\u00a0 Sch\u00fcler:innen bereitgestellt werden.<\/p>\n<p><a href=\"https:\/\/www.edumaps.de\/10084\/203034\/8b7fuj7g1c\/iframe\"><img loading=\"lazy\" decoding=\"async\" class=\"aligncenter wp-image-755\" src=\"https:\/\/www.medienzentrum-wmk.de\/wp-medien\/wp-content\/uploads\/2023\/02\/edupool_3-1024x802.jpg\" alt=\"\" width=\"598\" height=\"468\" srcset=\"https:\/\/www.medienzentrum-wmk.de\/wp-medien\/wp-content\/uploads\/2023\/02\/edupool_3-1024x802.jpg 1024w, https:\/\/www.medienzentrum-wmk.de\/wp-medien\/wp-content\/uploads\/2023\/02\/edupool_3-300x235.jpg 300w, https:\/\/www.medienzentrum-wmk.de\/wp-medien\/wp-content\/uploads\/2023\/02\/edupool_3-150x117.jpg 150w, https:\/\/www.medienzentrum-wmk.de\/wp-medien\/wp-content\/uploads\/2023\/02\/edupool_3-768x601.jpg 768w, https:\/\/www.medienzentrum-wmk.de\/wp-medien\/wp-content\/uploads\/2023\/02\/edupool_3.jpg 1221w\" sizes=\"auto, (max-width: 598px) 100vw, 598px\" \/><\/a><\/p>\n<\/div>\n","protected":false},"excerpt":{"rendered":"<p>Der Edupool 3.0 in einem neuen, stark \u00fcberarbeiteten, modernen und funktionellerem Gewand ist online geschaltet. Der Edupool 3.0 bietet nicht nur ein zeitgem\u00e4\u00dfes Webdesign, sondern auch Verbesserungen hinsichtlich \u00dcbersichtlichkeit, neue Filterfunktionen f\u00fcr die Mediensuche und eine einfachere Bedienung. Tutorials zur Nutzung der neuen Mediathek 3.0 der hesssichen Medienzentren: Auswahl des Medienzentrums, Registrierung und Anmeldung: Die [&hellip;]<\/p>\n","protected":false},"author":2,"featured_media":0,"parent":0,"menu_order":0,"comment_status":"closed","ping_status":"closed","template":"","meta":{"footnotes":""},"class_list":["post-750","page","type-page","status-publish","hentry","wpautop"],"yoast_head":"<!-- This site is optimized with the Yoast SEO plugin v27.4 - https:\/\/yoast.com\/product\/yoast-seo-wordpress\/ -->\n<title>Edupool 3.0 \u2013 Start auf die neue Programmversion am 01.02.2023 - Medienzentrum Werra-Mei\u00dfner-Kreis \u2013 Medien \u2013<\/title>\n<meta name=\"robots\" content=\"index, follow, max-snippet:-1, max-image-preview:large, max-video-preview:-1\" \/>\n<link rel=\"canonical\" href=\"https:\/\/www.medienzentrum-wmk.de\/wp-medien\/edupool-3-0-start-auf-die-neue-programmversion-am-01-02-2023\/\" \/>\n<meta property=\"og:locale\" content=\"de_DE\" \/>\n<meta property=\"og:type\" content=\"article\" \/>\n<meta property=\"og:title\" content=\"Edupool 3.0 \u2013 Start auf die neue Programmversion am 01.02.2023 - Medienzentrum Werra-Mei\u00dfner-Kreis \u2013 Medien \u2013\" \/>\n<meta property=\"og:description\" content=\"Der Edupool 3.0 in einem neuen, stark \u00fcberarbeiteten, modernen und funktionellerem Gewand ist online geschaltet. Der Edupool 3.0 bietet nicht nur ein zeitgem\u00e4\u00dfes Webdesign, sondern auch Verbesserungen hinsichtlich \u00dcbersichtlichkeit, neue Filterfunktionen f\u00fcr die Mediensuche und eine einfachere Bedienung. Tutorials zur Nutzung der neuen Mediathek 3.0 der hesssichen Medienzentren: Auswahl des Medienzentrums, Registrierung und Anmeldung: Die [&hellip;]\" \/>\n<meta property=\"og:url\" content=\"https:\/\/www.medienzentrum-wmk.de\/wp-medien\/edupool-3-0-start-auf-die-neue-programmversion-am-01-02-2023\/\" \/>\n<meta property=\"og:site_name\" content=\"Medienzentrum Werra-Mei\u00dfner-Kreis \u2013 Medien \u2013\" \/>\n<meta property=\"article:modified_time\" content=\"2023-02-02T12:02:13+00:00\" \/>\n<meta property=\"og:image\" content=\"https:\/\/www.medienzentrum-wmk.de\/wp-medien\/wp-content\/uploads\/2023\/02\/edupool_Hessen_screen.jpg\" \/>\n<meta name=\"twitter:card\" content=\"summary_large_image\" \/>\n<meta name=\"twitter:label1\" content=\"Gesch\u00e4tzte Lesezeit\" \/>\n\t<meta name=\"twitter:data1\" content=\"2\u00a0Minuten\" \/>\n<script type=\"application\/ld+json\" class=\"yoast-schema-graph\">{\"@context\":\"https:\\\/\\\/schema.org\",\"@graph\":[{\"@type\":\"WebPage\",\"@id\":\"https:\\\/\\\/www.medienzentrum-wmk.de\\\/wp-medien\\\/edupool-3-0-start-auf-die-neue-programmversion-am-01-02-2023\\\/\",\"url\":\"https:\\\/\\\/www.medienzentrum-wmk.de\\\/wp-medien\\\/edupool-3-0-start-auf-die-neue-programmversion-am-01-02-2023\\\/\",\"name\":\"Edupool 3.0 \u2013 Start auf die neue Programmversion am 01.02.2023 - Medienzentrum Werra-Mei\u00dfner-Kreis \u2013 Medien \u2013\",\"isPartOf\":{\"@id\":\"https:\\\/\\\/www.medienzentrum-wmk.de\\\/wp-medien\\\/#website\"},\"primaryImageOfPage\":{\"@id\":\"https:\\\/\\\/www.medienzentrum-wmk.de\\\/wp-medien\\\/edupool-3-0-start-auf-die-neue-programmversion-am-01-02-2023\\\/#primaryimage\"},\"image\":{\"@id\":\"https:\\\/\\\/www.medienzentrum-wmk.de\\\/wp-medien\\\/edupool-3-0-start-auf-die-neue-programmversion-am-01-02-2023\\\/#primaryimage\"},\"thumbnailUrl\":\"https:\\\/\\\/www.medienzentrum-wmk.de\\\/wp-medien\\\/wp-content\\\/uploads\\\/2023\\\/02\\\/edupool_Hessen_screen.jpg\",\"datePublished\":\"2023-02-02T11:25:33+00:00\",\"dateModified\":\"2023-02-02T12:02:13+00:00\",\"breadcrumb\":{\"@id\":\"https:\\\/\\\/www.medienzentrum-wmk.de\\\/wp-medien\\\/edupool-3-0-start-auf-die-neue-programmversion-am-01-02-2023\\\/#breadcrumb\"},\"inLanguage\":\"de\",\"potentialAction\":[{\"@type\":\"ReadAction\",\"target\":[\"https:\\\/\\\/www.medienzentrum-wmk.de\\\/wp-medien\\\/edupool-3-0-start-auf-die-neue-programmversion-am-01-02-2023\\\/\"]}]},{\"@type\":\"ImageObject\",\"inLanguage\":\"de\",\"@id\":\"https:\\\/\\\/www.medienzentrum-wmk.de\\\/wp-medien\\\/edupool-3-0-start-auf-die-neue-programmversion-am-01-02-2023\\\/#primaryimage\",\"url\":\"https:\\\/\\\/www.medienzentrum-wmk.de\\\/wp-medien\\\/wp-content\\\/uploads\\\/2023\\\/02\\\/edupool_Hessen_screen.jpg\",\"contentUrl\":\"https:\\\/\\\/www.medienzentrum-wmk.de\\\/wp-medien\\\/wp-content\\\/uploads\\\/2023\\\/02\\\/edupool_Hessen_screen.jpg\",\"width\":1003,\"height\":691},{\"@type\":\"BreadcrumbList\",\"@id\":\"https:\\\/\\\/www.medienzentrum-wmk.de\\\/wp-medien\\\/edupool-3-0-start-auf-die-neue-programmversion-am-01-02-2023\\\/#breadcrumb\",\"itemListElement\":[{\"@type\":\"ListItem\",\"position\":1,\"name\":\"Startseite\",\"item\":\"https:\\\/\\\/www.medienzentrum-wmk.de\\\/wp-medien\\\/\"},{\"@type\":\"ListItem\",\"position\":2,\"name\":\"Edupool 3.0 \u2013 Start auf die neue Programmversion am 01.02.2023\"}]},{\"@type\":\"WebSite\",\"@id\":\"https:\\\/\\\/www.medienzentrum-wmk.de\\\/wp-medien\\\/#website\",\"url\":\"https:\\\/\\\/www.medienzentrum-wmk.de\\\/wp-medien\\\/\",\"name\":\"Medienzentrum Werra-Mei\u00dfner-Kreis \u2013 Medien \u2013\",\"description\":\"\",\"potentialAction\":[{\"@type\":\"SearchAction\",\"target\":{\"@type\":\"EntryPoint\",\"urlTemplate\":\"https:\\\/\\\/www.medienzentrum-wmk.de\\\/wp-medien\\\/?s={search_term_string}\"},\"query-input\":{\"@type\":\"PropertyValueSpecification\",\"valueRequired\":true,\"valueName\":\"search_term_string\"}}],\"inLanguage\":\"de\"}]}<\/script>\n<!-- \/ Yoast SEO plugin. -->","yoast_head_json":{"title":"Edupool 3.0 \u2013 Start auf die neue Programmversion am 01.02.2023 - Medienzentrum Werra-Mei\u00dfner-Kreis \u2013 Medien \u2013","robots":{"index":"index","follow":"follow","max-snippet":"max-snippet:-1","max-image-preview":"max-image-preview:large","max-video-preview":"max-video-preview:-1"},"canonical":"https:\/\/www.medienzentrum-wmk.de\/wp-medien\/edupool-3-0-start-auf-die-neue-programmversion-am-01-02-2023\/","og_locale":"de_DE","og_type":"article","og_title":"Edupool 3.0 \u2013 Start auf die neue Programmversion am 01.02.2023 - Medienzentrum Werra-Mei\u00dfner-Kreis \u2013 Medien \u2013","og_description":"Der Edupool 3.0 in einem neuen, stark \u00fcberarbeiteten, modernen und funktionellerem Gewand ist online geschaltet. Der Edupool 3.0 bietet nicht nur ein zeitgem\u00e4\u00dfes Webdesign, sondern auch Verbesserungen hinsichtlich \u00dcbersichtlichkeit, neue Filterfunktionen f\u00fcr die Mediensuche und eine einfachere Bedienung. Tutorials zur Nutzung der neuen Mediathek 3.0 der hesssichen Medienzentren: Auswahl des Medienzentrums, Registrierung und Anmeldung: Die [&hellip;]","og_url":"https:\/\/www.medienzentrum-wmk.de\/wp-medien\/edupool-3-0-start-auf-die-neue-programmversion-am-01-02-2023\/","og_site_name":"Medienzentrum Werra-Mei\u00dfner-Kreis \u2013 Medien \u2013","article_modified_time":"2023-02-02T12:02:13+00:00","og_image":[{"url":"https:\/\/www.medienzentrum-wmk.de\/wp-medien\/wp-content\/uploads\/2023\/02\/edupool_Hessen_screen.jpg","type":"","width":"","height":""}],"twitter_card":"summary_large_image","twitter_misc":{"Gesch\u00e4tzte Lesezeit":"2\u00a0Minuten"},"schema":{"@context":"https:\/\/schema.org","@graph":[{"@type":"WebPage","@id":"https:\/\/www.medienzentrum-wmk.de\/wp-medien\/edupool-3-0-start-auf-die-neue-programmversion-am-01-02-2023\/","url":"https:\/\/www.medienzentrum-wmk.de\/wp-medien\/edupool-3-0-start-auf-die-neue-programmversion-am-01-02-2023\/","name":"Edupool 3.0 \u2013 Start auf die neue Programmversion am 01.02.2023 - Medienzentrum Werra-Mei\u00dfner-Kreis \u2013 Medien \u2013","isPartOf":{"@id":"https:\/\/www.medienzentrum-wmk.de\/wp-medien\/#website"},"primaryImageOfPage":{"@id":"https:\/\/www.medienzentrum-wmk.de\/wp-medien\/edupool-3-0-start-auf-die-neue-programmversion-am-01-02-2023\/#primaryimage"},"image":{"@id":"https:\/\/www.medienzentrum-wmk.de\/wp-medien\/edupool-3-0-start-auf-die-neue-programmversion-am-01-02-2023\/#primaryimage"},"thumbnailUrl":"https:\/\/www.medienzentrum-wmk.de\/wp-medien\/wp-content\/uploads\/2023\/02\/edupool_Hessen_screen.jpg","datePublished":"2023-02-02T11:25:33+00:00","dateModified":"2023-02-02T12:02:13+00:00","breadcrumb":{"@id":"https:\/\/www.medienzentrum-wmk.de\/wp-medien\/edupool-3-0-start-auf-die-neue-programmversion-am-01-02-2023\/#breadcrumb"},"inLanguage":"de","potentialAction":[{"@type":"ReadAction","target":["https:\/\/www.medienzentrum-wmk.de\/wp-medien\/edupool-3-0-start-auf-die-neue-programmversion-am-01-02-2023\/"]}]},{"@type":"ImageObject","inLanguage":"de","@id":"https:\/\/www.medienzentrum-wmk.de\/wp-medien\/edupool-3-0-start-auf-die-neue-programmversion-am-01-02-2023\/#primaryimage","url":"https:\/\/www.medienzentrum-wmk.de\/wp-medien\/wp-content\/uploads\/2023\/02\/edupool_Hessen_screen.jpg","contentUrl":"https:\/\/www.medienzentrum-wmk.de\/wp-medien\/wp-content\/uploads\/2023\/02\/edupool_Hessen_screen.jpg","width":1003,"height":691},{"@type":"BreadcrumbList","@id":"https:\/\/www.medienzentrum-wmk.de\/wp-medien\/edupool-3-0-start-auf-die-neue-programmversion-am-01-02-2023\/#breadcrumb","itemListElement":[{"@type":"ListItem","position":1,"name":"Startseite","item":"https:\/\/www.medienzentrum-wmk.de\/wp-medien\/"},{"@type":"ListItem","position":2,"name":"Edupool 3.0 \u2013 Start auf die neue Programmversion am 01.02.2023"}]},{"@type":"WebSite","@id":"https:\/\/www.medienzentrum-wmk.de\/wp-medien\/#website","url":"https:\/\/www.medienzentrum-wmk.de\/wp-medien\/","name":"Medienzentrum Werra-Mei\u00dfner-Kreis \u2013 Medien \u2013","description":"","potentialAction":[{"@type":"SearchAction","target":{"@type":"EntryPoint","urlTemplate":"https:\/\/www.medienzentrum-wmk.de\/wp-medien\/?s={search_term_string}"},"query-input":{"@type":"PropertyValueSpecification","valueRequired":true,"valueName":"search_term_string"}}],"inLanguage":"de"}]}},"_links":{"self":[{"href":"https:\/\/www.medienzentrum-wmk.de\/wp-medien\/wp-json\/wp\/v2\/pages\/750","targetHints":{"allow":["GET"]}}],"collection":[{"href":"https:\/\/www.medienzentrum-wmk.de\/wp-medien\/wp-json\/wp\/v2\/pages"}],"about":[{"href":"https:\/\/www.medienzentrum-wmk.de\/wp-medien\/wp-json\/wp\/v2\/types\/page"}],"author":[{"embeddable":true,"href":"https:\/\/www.medienzentrum-wmk.de\/wp-medien\/wp-json\/wp\/v2\/users\/2"}],"replies":[{"embeddable":true,"href":"https:\/\/www.medienzentrum-wmk.de\/wp-medien\/wp-json\/wp\/v2\/comments?post=750"}],"version-history":[{"count":7,"href":"https:\/\/www.medienzentrum-wmk.de\/wp-medien\/wp-json\/wp\/v2\/pages\/750\/revisions"}],"predecessor-version":[{"id":759,"href":"https:\/\/www.medienzentrum-wmk.de\/wp-medien\/wp-json\/wp\/v2\/pages\/750\/revisions\/759"}],"wp:attachment":[{"href":"https:\/\/www.medienzentrum-wmk.de\/wp-medien\/wp-json\/wp\/v2\/media?parent=750"}],"curies":[{"name":"wp","href":"https:\/\/api.w.org\/{rel}","templated":true}]}}