{"id":80,"date":"2014-05-21T14:37:36","date_gmt":"2014-05-21T12:37:36","guid":{"rendered":"https:\/\/www.medienzentrum-wmk.de\/wp-medien\/?page_id=80"},"modified":"2018-05-29T10:42:41","modified_gmt":"2018-05-29T08:42:41","slug":"nutzungsbedingen","status":"publish","type":"page","link":"https:\/\/www.medienzentrum-wmk.de\/wp-medien\/nutzungsbedingen\/","title":{"rendered":"Nutzungsbedingungen"},"content":{"rendered":"<p>Nutzungsbedingen f\u00fcr die Medienzentrum Werra-Mei\u00dfner-Kreis zur Verf\u00fcgung gestellten &#8222;Onlinemedien&#8220;<\/p>\n<p>Die vom Medienzentrum Werra-Mei\u00dfner online zur Verf\u00fcgung gestellten Digitalmedien d\u00fcrfen nur von Lehrerinnen und Lehrern, bzw. p\u00e4dagogischen Mitarbeiterinnen und Mitarbeitern von Schulen im Rahmen Ihrer unterrichtlichen Arbeit im Zust\u00e4ndigkeitsbereich s Medienzentrums Werra-Mei\u00dfner genutzt werden.<\/p>\n<p>Im Rahmen schulischer Nutzung ist das Kopieren der Medien auf mobile Tr\u00e4germedien erlaubt, soweit dies im Rahmen einer schulischen Nutzung erforderlich ist. Dar\u00fcber hinaus ist sowohl f\u00fcr Lehrerinnen und Lehrer als auch in Ausnahmef\u00e4llen f\u00fcr Sch\u00fclerinnen und Sch\u00fcler die Nutzung der Medien auf dem heimischen PC erlaubt, soweit die Nutzung im schulischen Kontext stattfindet (z.B. Unterrichtsvorbereitung, Hausaufgaben, Referatsvorbereitung).<\/p>\n<p>Sch\u00fclerinnen und Sch\u00fcler d\u00fcrfen den Zugang zu diesen Medien ausschlie\u00dflich in Form mobiler Tr\u00e4germedien erhalten. Sie sind nicht berechtigt, Medien downzuloaden.<\/p>\n<p>Die Bearbeitung der Medien selbst sowie ihre Verarbeitung, insbesondere die Mischung mit anderen Materialien, sind nur zu \u00dcbungszwecken zul\u00e4ssig, solange gew\u00e4hrleistet ist, dass das neu hergestellte Werk nur im Klassen- oder Arbeitsgemeinschaftsverbund pr\u00e4sentiert und im \u00fcbrigen nicht ver\u00f6ffentlicht wird.<\/p>\n<p>Nach Beendigung der Arbeiten mit den jeweiligen Medien, sp\u00e4testens jedoch nach Ablauf der Lizenzzeit, sind die Medien auch von Tr\u00e4germedien sowie von den Rechnern der Lehrerinnen und Lehrer sowie der Sch\u00fclerinnen und Sch\u00fcler zu l\u00f6schen. Eine Speicherung der Medien auf Vorrat ist nicht zul\u00e4ssig.<\/p>\n<p>Schulfernsehsendungen d\u00fcrfen nur im Rahmen des \u00a7 47 UrhRG downgeloadet und eingesetzt werden.<\/p>\n<p>Die Rechte der Verwertungsgesellschaften, insbesondere der GEMA, sind zu beachten und gegebenenfalls einzuholen und abzugelten.<\/p>\n<p>Mit der Nutzung des Onlineangebotes verpflichten sich die Nutzer, die Bestimmungen dieser Nutzungsbedingungen einzuhalten.<\/p>\n<p><span style=\"color: #ff0000;\">F\u00fcr alle Schulen mit einer Entfernung mehr als 15 km haben wir einen\u00a0 Fahrdienst eingerichtet. Dieser f\u00e4hrt einmal in der Woche dienstags\/mittwochs ihre Schule an. Der Fahrdienst bringt die bestellten Medien und kleine Medienger\u00e4te direkt in das Sekretariat und holt diese auch wieder ab. Die \u00dcbernahme aller Medien muss im Sekretariat quittiert werden. Jeder Entleiher erh\u00e4lt wie bisher einen eigenen Verleihschein, dieser ist durch die Onlinebestellung\u00a0 auch ohne Unterschrift g\u00fcltig. Sie bestellen \u00fcber den Onlinebereich bis\u00a0Freitag 24.00 Uhr Medien und kleinere Medienger\u00e4te (telefonisch, per Mail oder online), die Sie in der folgenden Woche ben\u00f6tigen. Medien und Medienger\u00e4te, die sie nicht ben\u00f6tigen deponieren Sie bitte im Sekretariat, in der bereitgestellten Transportkiste. Die Kisten m\u00fcssen bis zum Eintreffen des Fahrdienstes (12.00 Uhr) im Sekretariat stehen.<\/span><\/p>\n<p>Sie k\u00f6nnen die vollst\u00e4ndigen Nutzungsbedingungen hier als PDF-Dokument einsehen:<br \/>\n<a href=\"https:\/\/www.medienzentrum-wmk.de\/wp-medien\/wp-content\/uploads\/2018\/05\/Nutzungsbedingungen_f\u00fcr_Mediathek_MZWMK.pdf\">Nutzungsbedingungen_f\u00fcr_Mediathek_MZWMK.pdf<\/a> (580 KB)<\/p>\n<p>Mit einem Klick auf einen der unteren Links erkenne ich die Nutzungsbedingungen an:<\/p>\n<p><a href=\"https:\/\/hessen.edupool.de?standort=9\">Weiter zu den Onlinemedien<\/a><\/p>\n","protected":false},"excerpt":{"rendered":"<p>Nutzungsbedingen f\u00fcr die Medienzentrum Werra-Mei\u00dfner-Kreis zur Verf\u00fcgung gestellten &#8222;Onlinemedien&#8220; Die vom Medienzentrum Werra-Mei\u00dfner online zur Verf\u00fcgung gestellten Digitalmedien d\u00fcrfen nur von Lehrerinnen und Lehrern, bzw. p\u00e4dagogischen Mitarbeiterinnen und Mitarbeitern von Schulen im Rahmen Ihrer unterrichtlichen Arbeit im Zust\u00e4ndigkeitsbereich s Medienzentrums Werra-Mei\u00dfner genutzt werden. Im Rahmen schulischer Nutzung ist das Kopieren der Medien auf mobile Tr\u00e4germedien [&hellip;]<\/p>\n","protected":false},"author":2,"featured_media":0,"parent":0,"menu_order":0,"comment_status":"closed","ping_status":"open","template":"","meta":{"footnotes":""},"class_list":["post-80","page","type-page","status-publish","hentry","wpautop"],"yoast_head":"<!-- This site is optimized with the Yoast SEO plugin v27.4 - https:\/\/yoast.com\/product\/yoast-seo-wordpress\/ -->\n<title>Nutzungsbedingungen - Medienzentrum Werra-Mei\u00dfner-Kreis \u2013 Medien \u2013<\/title>\n<meta name=\"robots\" content=\"index, follow, max-snippet:-1, max-image-preview:large, max-video-preview:-1\" \/>\n<link rel=\"canonical\" href=\"https:\/\/www.medienzentrum-wmk.de\/wp-medien\/nutzungsbedingen\/\" \/>\n<meta property=\"og:locale\" content=\"de_DE\" \/>\n<meta property=\"og:type\" content=\"article\" \/>\n<meta property=\"og:title\" content=\"Nutzungsbedingungen - Medienzentrum Werra-Mei\u00dfner-Kreis \u2013 Medien \u2013\" \/>\n<meta property=\"og:description\" content=\"Nutzungsbedingen f\u00fcr die Medienzentrum Werra-Mei\u00dfner-Kreis zur Verf\u00fcgung gestellten &#8222;Onlinemedien&#8220; Die vom Medienzentrum Werra-Mei\u00dfner online zur Verf\u00fcgung gestellten Digitalmedien d\u00fcrfen nur von Lehrerinnen und Lehrern, bzw. p\u00e4dagogischen Mitarbeiterinnen und Mitarbeitern von Schulen im Rahmen Ihrer unterrichtlichen Arbeit im Zust\u00e4ndigkeitsbereich s Medienzentrums Werra-Mei\u00dfner genutzt werden. Im Rahmen schulischer Nutzung ist das Kopieren der Medien auf mobile Tr\u00e4germedien [&hellip;]\" \/>\n<meta property=\"og:url\" content=\"https:\/\/www.medienzentrum-wmk.de\/wp-medien\/nutzungsbedingen\/\" \/>\n<meta property=\"og:site_name\" content=\"Medienzentrum Werra-Mei\u00dfner-Kreis \u2013 Medien \u2013\" \/>\n<meta property=\"article:modified_time\" content=\"2018-05-29T08:42:41+00:00\" \/>\n<meta name=\"twitter:card\" content=\"summary_large_image\" \/>\n<meta name=\"twitter:label1\" content=\"Gesch\u00e4tzte Lesezeit\" \/>\n\t<meta name=\"twitter:data1\" content=\"2\u00a0Minuten\" \/>\n<script type=\"application\/ld+json\" class=\"yoast-schema-graph\">{\"@context\":\"https:\\\/\\\/schema.org\",\"@graph\":[{\"@type\":\"WebPage\",\"@id\":\"https:\\\/\\\/www.medienzentrum-wmk.de\\\/wp-medien\\\/nutzungsbedingen\\\/\",\"url\":\"https:\\\/\\\/www.medienzentrum-wmk.de\\\/wp-medien\\\/nutzungsbedingen\\\/\",\"name\":\"Nutzungsbedingungen - Medienzentrum Werra-Mei\u00dfner-Kreis \u2013 Medien \u2013\",\"isPartOf\":{\"@id\":\"https:\\\/\\\/www.medienzentrum-wmk.de\\\/wp-medien\\\/#website\"},\"datePublished\":\"2014-05-21T12:37:36+00:00\",\"dateModified\":\"2018-05-29T08:42:41+00:00\",\"breadcrumb\":{\"@id\":\"https:\\\/\\\/www.medienzentrum-wmk.de\\\/wp-medien\\\/nutzungsbedingen\\\/#breadcrumb\"},\"inLanguage\":\"de\",\"potentialAction\":[{\"@type\":\"ReadAction\",\"target\":[\"https:\\\/\\\/www.medienzentrum-wmk.de\\\/wp-medien\\\/nutzungsbedingen\\\/\"]}]},{\"@type\":\"BreadcrumbList\",\"@id\":\"https:\\\/\\\/www.medienzentrum-wmk.de\\\/wp-medien\\\/nutzungsbedingen\\\/#breadcrumb\",\"itemListElement\":[{\"@type\":\"ListItem\",\"position\":1,\"name\":\"Startseite\",\"item\":\"https:\\\/\\\/www.medienzentrum-wmk.de\\\/wp-medien\\\/\"},{\"@type\":\"ListItem\",\"position\":2,\"name\":\"Nutzungsbedingungen\"}]},{\"@type\":\"WebSite\",\"@id\":\"https:\\\/\\\/www.medienzentrum-wmk.de\\\/wp-medien\\\/#website\",\"url\":\"https:\\\/\\\/www.medienzentrum-wmk.de\\\/wp-medien\\\/\",\"name\":\"Medienzentrum Werra-Mei\u00dfner-Kreis \u2013 Medien \u2013\",\"description\":\"\",\"potentialAction\":[{\"@type\":\"SearchAction\",\"target\":{\"@type\":\"EntryPoint\",\"urlTemplate\":\"https:\\\/\\\/www.medienzentrum-wmk.de\\\/wp-medien\\\/?s={search_term_string}\"},\"query-input\":{\"@type\":\"PropertyValueSpecification\",\"valueRequired\":true,\"valueName\":\"search_term_string\"}}],\"inLanguage\":\"de\"}]}<\/script>\n<!-- \/ Yoast SEO plugin. -->","yoast_head_json":{"title":"Nutzungsbedingungen - Medienzentrum Werra-Mei\u00dfner-Kreis \u2013 Medien \u2013","robots":{"index":"index","follow":"follow","max-snippet":"max-snippet:-1","max-image-preview":"max-image-preview:large","max-video-preview":"max-video-preview:-1"},"canonical":"https:\/\/www.medienzentrum-wmk.de\/wp-medien\/nutzungsbedingen\/","og_locale":"de_DE","og_type":"article","og_title":"Nutzungsbedingungen - Medienzentrum Werra-Mei\u00dfner-Kreis \u2013 Medien \u2013","og_description":"Nutzungsbedingen f\u00fcr die Medienzentrum Werra-Mei\u00dfner-Kreis zur Verf\u00fcgung gestellten &#8222;Onlinemedien&#8220; Die vom Medienzentrum Werra-Mei\u00dfner online zur Verf\u00fcgung gestellten Digitalmedien d\u00fcrfen nur von Lehrerinnen und Lehrern, bzw. p\u00e4dagogischen Mitarbeiterinnen und Mitarbeitern von Schulen im Rahmen Ihrer unterrichtlichen Arbeit im Zust\u00e4ndigkeitsbereich s Medienzentrums Werra-Mei\u00dfner genutzt werden. Im Rahmen schulischer Nutzung ist das Kopieren der Medien auf mobile Tr\u00e4germedien [&hellip;]","og_url":"https:\/\/www.medienzentrum-wmk.de\/wp-medien\/nutzungsbedingen\/","og_site_name":"Medienzentrum Werra-Mei\u00dfner-Kreis \u2013 Medien \u2013","article_modified_time":"2018-05-29T08:42:41+00:00","twitter_card":"summary_large_image","twitter_misc":{"Gesch\u00e4tzte Lesezeit":"2\u00a0Minuten"},"schema":{"@context":"https:\/\/schema.org","@graph":[{"@type":"WebPage","@id":"https:\/\/www.medienzentrum-wmk.de\/wp-medien\/nutzungsbedingen\/","url":"https:\/\/www.medienzentrum-wmk.de\/wp-medien\/nutzungsbedingen\/","name":"Nutzungsbedingungen - Medienzentrum Werra-Mei\u00dfner-Kreis \u2013 Medien \u2013","isPartOf":{"@id":"https:\/\/www.medienzentrum-wmk.de\/wp-medien\/#website"},"datePublished":"2014-05-21T12:37:36+00:00","dateModified":"2018-05-29T08:42:41+00:00","breadcrumb":{"@id":"https:\/\/www.medienzentrum-wmk.de\/wp-medien\/nutzungsbedingen\/#breadcrumb"},"inLanguage":"de","potentialAction":[{"@type":"ReadAction","target":["https:\/\/www.medienzentrum-wmk.de\/wp-medien\/nutzungsbedingen\/"]}]},{"@type":"BreadcrumbList","@id":"https:\/\/www.medienzentrum-wmk.de\/wp-medien\/nutzungsbedingen\/#breadcrumb","itemListElement":[{"@type":"ListItem","position":1,"name":"Startseite","item":"https:\/\/www.medienzentrum-wmk.de\/wp-medien\/"},{"@type":"ListItem","position":2,"name":"Nutzungsbedingungen"}]},{"@type":"WebSite","@id":"https:\/\/www.medienzentrum-wmk.de\/wp-medien\/#website","url":"https:\/\/www.medienzentrum-wmk.de\/wp-medien\/","name":"Medienzentrum Werra-Mei\u00dfner-Kreis \u2013 Medien \u2013","description":"","potentialAction":[{"@type":"SearchAction","target":{"@type":"EntryPoint","urlTemplate":"https:\/\/www.medienzentrum-wmk.de\/wp-medien\/?s={search_term_string}"},"query-input":{"@type":"PropertyValueSpecification","valueRequired":true,"valueName":"search_term_string"}}],"inLanguage":"de"}]}},"_links":{"self":[{"href":"https:\/\/www.medienzentrum-wmk.de\/wp-medien\/wp-json\/wp\/v2\/pages\/80","targetHints":{"allow":["GET"]}}],"collection":[{"href":"https:\/\/www.medienzentrum-wmk.de\/wp-medien\/wp-json\/wp\/v2\/pages"}],"about":[{"href":"https:\/\/www.medienzentrum-wmk.de\/wp-medien\/wp-json\/wp\/v2\/types\/page"}],"author":[{"embeddable":true,"href":"https:\/\/www.medienzentrum-wmk.de\/wp-medien\/wp-json\/wp\/v2\/users\/2"}],"replies":[{"embeddable":true,"href":"https:\/\/www.medienzentrum-wmk.de\/wp-medien\/wp-json\/wp\/v2\/comments?post=80"}],"version-history":[{"count":5,"href":"https:\/\/www.medienzentrum-wmk.de\/wp-medien\/wp-json\/wp\/v2\/pages\/80\/revisions"}],"predecessor-version":[{"id":522,"href":"https:\/\/www.medienzentrum-wmk.de\/wp-medien\/wp-json\/wp\/v2\/pages\/80\/revisions\/522"}],"wp:attachment":[{"href":"https:\/\/www.medienzentrum-wmk.de\/wp-medien\/wp-json\/wp\/v2\/media?parent=80"}],"curies":[{"name":"wp","href":"https:\/\/api.w.org\/{rel}","templated":true}]}}