{"id":177,"date":"2015-03-31T12:14:36","date_gmt":"2015-03-31T10:14:36","guid":{"rendered":"https:\/\/www.medienzentrum-wmk.de\/wp-technik\/?page_id=177"},"modified":"2015-04-07T07:58:22","modified_gmt":"2015-04-07T05:58:22","slug":"pdfcreator","status":"publish","type":"page","link":"https:\/\/www.medienzentrum-wmk.de\/wp-technik\/pdfcreator\/","title":{"rendered":"PDFCreator"},"content":{"rendered":"<p><img decoding=\"async\" src=\"https:\/\/www.medienzentrum-wmk.de\/wp-technik\/wp-content\/uploads\/formidable\/pdf_creator_logo.png\" alt=\"pdfcreator\" title=\"pdfcreator\" style=\"max-width:500px;\"><\/p>\n<h3>Hersteller:<\/h3>\n<p>pdfforge (<a href=\"http:\/\/de.pdfforge.org\/\">http:\/\/de.pdfforge.org\/<\/a>)<\/p>\n<h3>Downloads:<\/h3>\n<p>Download von pdfforge.org (<a href=\"http:\/\/de.pdfforge.org\/pdfcreator\/download\">http:\/\/de.pdfforge.org\/pdfcreator\/download<\/a>)<br \/>\nDownload von chip.de (<a href=\"http:\/\/www.chip.de\/downloads\/PDFCreator_13009777.html\">http:\/\/www.chip.de\/downloads\/PDFCreator_13009777.html<\/a>)<\/p>\n<h3>Beschreibung:<\/h3>\n<p><p>Wollen Sie Ihre Dokumente als pdf-Datei anderen zu Verf\u00fcgung stellen?<\/p>\n<p>Diese Vorteile haben Sie:<\/p>\n<p>    Ihre Formatierungen, Schriftarten, Bilder, Druckbild werden nicht ver\u00e4ndert dargestellt.<br \/>\n    Die Software zum Lesen der pdf-Dateien ist kostenlos.<br \/>\n    Das Format kann unter allen relevanten Betriebsystemen ge\u00f6ffnet werden.<br \/>\n    Dokumente k\u00f6nnen nicht ge\u00e4ndert werden.<br \/>\n    Pdf-Dateien sind in der Regel kleiner als z.B. Vorlagedateien vom Word.<\/p>\n<p>Wir zeigen wie Sie pdf-Dateien erstellen k\u00f6nnen.<\/p>\n<p>Unter Open Office ist eine Funktion schon mit installiert. Dort k\u00f6nnen Sie im Men\u00fc \u00fcber \u201eDatei\u201c &gt; \u201eExportieren als pdf\u2026\u201c eine pdf erstellen.<br \/>\nAuch ab Microsoft Office 2007 gibt es \u00fcber die Officeschaltfl\u00e4che direkt die M\u00f6glichkeit  Dokument e als pdf-Datei zu speichern.<\/p>\n<p>Es gibt aber auch Tools die Ihnen das Speichern von pdf-Dateien erm\u00f6glichen, unabh\u00e4ngig von dem Programm mit dem Sie arbeiten. Von diesen so genannten pdf-Druckern k\u00f6nnen wir Ihnen den PDFCreator empfehlen.<\/p>\n<p>Nachdem Sie den PDFCreator installiert haben, k\u00f6nnen Sie \u00fcber die Druckfunktion Ihres Programms eine pdf erstellen. Neben Ihrem normalen Drucker mit Papier befindet sich nun in der Druckerauswahl ein zus\u00e4tzlicher virtueller Drucker (PDFCreator), mit dem Sie die pdf-Datei abspeichern k\u00f6nnen.<\/p>\n<\/p>\n<p><span style=\"display:block;margin-bottom:50px;\"><\/span><\/p>\n","protected":false},"excerpt":{"rendered":"<p>Hersteller: pdfforge (http:\/\/de.pdfforge.org\/) Downloads: Download von pdfforge.org (http:\/\/de.pdfforge.org\/pdfcreator\/download) Download von chip.de (http:\/\/www.chip.de\/downloads\/PDFCreator_13009777.html) Beschreibung: Wollen Sie Ihre Dokumente als pdf-Datei anderen zu Verf\u00fcgung stellen? Diese Vorteile haben Sie: Ihre Formatierungen, Schriftarten, Bilder, Druckbild werden nicht ver\u00e4ndert dargestellt. Die Software zum Lesen der pdf-Dateien ist kostenlos. Das Format kann unter allen relevanten Betriebsystemen ge\u00f6ffnet werden. Dokumente k\u00f6nnen [&hellip;]<\/p>\n","protected":false},"author":1,"featured_media":0,"parent":0,"menu_order":0,"comment_status":"closed","ping_status":"closed","template":"","meta":{"footnotes":""},"class_list":["post-177","page","type-page","status-publish","hentry","wpautop"],"aioseo_notices":[],"_links":{"self":[{"href":"https:\/\/www.medienzentrum-wmk.de\/wp-technik\/wp-json\/wp\/v2\/pages\/177","targetHints":{"allow":["GET"]}}],"collection":[{"href":"https:\/\/www.medienzentrum-wmk.de\/wp-technik\/wp-json\/wp\/v2\/pages"}],"about":[{"href":"https:\/\/www.medienzentrum-wmk.de\/wp-technik\/wp-json\/wp\/v2\/types\/page"}],"author":[{"embeddable":true,"href":"https:\/\/www.medienzentrum-wmk.de\/wp-technik\/wp-json\/wp\/v2\/users\/1"}],"replies":[{"embeddable":true,"href":"https:\/\/www.medienzentrum-wmk.de\/wp-technik\/wp-json\/wp\/v2\/comments?post=177"}],"version-history":[{"count":1,"href":"https:\/\/www.medienzentrum-wmk.de\/wp-technik\/wp-json\/wp\/v2\/pages\/177\/revisions"}],"predecessor-version":[{"id":192,"href":"https:\/\/www.medienzentrum-wmk.de\/wp-technik\/wp-json\/wp\/v2\/pages\/177\/revisions\/192"}],"wp:attachment":[{"href":"https:\/\/www.medienzentrum-wmk.de\/wp-technik\/wp-json\/wp\/v2\/media?parent=177"}],"curies":[{"name":"wp","href":"https:\/\/api.w.org\/{rel}","templated":true}]}}