{"id":190,"date":"2015-04-01T12:43:27","date_gmt":"2015-04-01T10:43:27","guid":{"rendered":"https:\/\/www.medienzentrum-wmk.de\/wp-technik\/?page_id=190"},"modified":"2018-04-10T12:41:41","modified_gmt":"2018-04-10T10:41:41","slug":"acronis-true-image","status":"publish","type":"page","link":"https:\/\/www.medienzentrum-wmk.de\/wp-technik\/acronis-true-image\/","title":{"rendered":"Acronis True Image"},"content":{"rendered":"<p><img decoding=\"async\" src=\"https:\/\/www.medienzentrum-wmk.de\/wp-technik\/wp-content\/uploads\/formidable\/acronis.png\" alt=\"\" title=\"\" style=\"max-width:500px;\"><\/p>\n<h3>Hersteller:<\/h3>\n<p> (<a href=\"\"><\/a>)<\/p>\n<h3>Downloads:<\/h3>\n<p>Acronis True Image WD Edition Software (<a href=\"https:\/\/support.wdc.com\/downloads.aspx?p=119&amp;lang=de\">https:\/\/support.wdc.com\/downloads.aspx?p=119&amp;lang=de<\/a>)<br \/>\nSeagate DiscWizard (<a href=\"https:\/\/www.seagate.com\/de\/de\/support\/downloads\/discwizard\/\">https:\/\/www.seagate.com\/de\/de\/support\/downloads\/discwizard\/<\/a>)<\/p>\n<h3>Beschreibung:<\/h3>\n<p><p>Die Festplattenhersteller Seagate und Western Digital haben mit der Firma Acronis eine Vereinbarung getroffen f\u00fcr die kostenlose Verwendung der Backupsoftware Acronis True Image.<\/p>\n<p>Die Software kann nur genutzt werden, wenn eine Festplatte dieser beiden Hersteller in Ihren Computer vorhanden ist.<br \/>\nAcronis True Image erm\u00f6glicht die Sicherung von Ihrem Computer. Au\u00dferdem k\u00f6nnen Sie mit Hilfe der Software eine bootf\u00e4hige Notfall-CD erstellen. Damit kann man Sicherungen auch ohne funktionierendes Betriebssystem erstellen oder zur\u00fcckspielen.<\/p>\n<\/p>\n<p><span style=\"display:block;margin-bottom:50px;\"><\/span><\/p>\n","protected":false},"excerpt":{"rendered":"<p>Hersteller: () Downloads: Acronis True Image WD Edition Software (https:\/\/support.wdc.com\/downloads.aspx?p=119&amp;lang=de) Seagate DiscWizard (https:\/\/www.seagate.com\/de\/de\/support\/downloads\/discwizard\/) Beschreibung: Die Festplattenhersteller Seagate und Western Digital haben mit der Firma Acronis eine Vereinbarung getroffen f\u00fcr die kostenlose Verwendung der Backupsoftware Acronis True Image. Die Software kann nur genutzt werden, wenn eine Festplatte dieser beiden Hersteller in Ihren Computer vorhanden ist. Acronis [&hellip;]<\/p>\n","protected":false},"author":1,"featured_media":0,"parent":0,"menu_order":0,"comment_status":"closed","ping_status":"closed","template":"","meta":{"footnotes":""},"class_list":["post-190","page","type-page","status-publish","hentry","wpautop"],"aioseo_notices":[],"_links":{"self":[{"href":"https:\/\/www.medienzentrum-wmk.de\/wp-technik\/wp-json\/wp\/v2\/pages\/190","targetHints":{"allow":["GET"]}}],"collection":[{"href":"https:\/\/www.medienzentrum-wmk.de\/wp-technik\/wp-json\/wp\/v2\/pages"}],"about":[{"href":"https:\/\/www.medienzentrum-wmk.de\/wp-technik\/wp-json\/wp\/v2\/types\/page"}],"author":[{"embeddable":true,"href":"https:\/\/www.medienzentrum-wmk.de\/wp-technik\/wp-json\/wp\/v2\/users\/1"}],"replies":[{"embeddable":true,"href":"https:\/\/www.medienzentrum-wmk.de\/wp-technik\/wp-json\/wp\/v2\/comments?post=190"}],"version-history":[{"count":3,"href":"https:\/\/www.medienzentrum-wmk.de\/wp-technik\/wp-json\/wp\/v2\/pages\/190\/revisions"}],"predecessor-version":[{"id":381,"href":"https:\/\/www.medienzentrum-wmk.de\/wp-technik\/wp-json\/wp\/v2\/pages\/190\/revisions\/381"}],"wp:attachment":[{"href":"https:\/\/www.medienzentrum-wmk.de\/wp-technik\/wp-json\/wp\/v2\/media?parent=190"}],"curies":[{"name":"wp","href":"https:\/\/api.w.org\/{rel}","templated":true}]}}