{"id":199,"date":"2015-10-19T13:15:32","date_gmt":"2015-10-19T11:15:32","guid":{"rendered":"https:\/\/www.medienzentrum-wmk.de\/wp-technik\/?page_id=199"},"modified":"2015-10-19T13:15:32","modified_gmt":"2015-10-19T11:15:32","slug":"xnview","status":"publish","type":"page","link":"https:\/\/www.medienzentrum-wmk.de\/wp-technik\/xnview\/","title":{"rendered":"XnView"},"content":{"rendered":"<p><img decoding=\"async\" src=\"https:\/\/www.medienzentrum-wmk.de\/wp-technik\/wp-content\/uploads\/formidable\/XnView.jpg\" alt=\"\" title=\"\" style=\"max-width:500px;\"><\/p>\n<h3>Hersteller:<\/h3>\n<p>XnSoft (<a href=\"http:\/\/www.xnview.com\/en\/\">http:\/\/www.xnview.com\/en\/<\/a>)<\/p>\n<h3>Downloads:<\/h3>\n<p>download von xnview.com (<a href=\"http:\/\/www.xnview.com\/en\/xnview\/\">http:\/\/www.xnview.com\/en\/xnview\/<\/a>)<br \/>\ndownload von chip.de (<a href=\"http:\/\/www.chip.de\/downloads\/XnView-Komplett_12996168.html\">http:\/\/www.chip.de\/downloads\/XnView-Komplett_12996168.html<\/a>)<\/p>\n<h3>Beschreibung:<\/h3>\n<p><p>XnView ist eine freie Software f\u00fcr die private, nicht-kommerzielle Nutzung, f\u00fcr Ausbildungszwecke und f\u00fcr Non-Profit-Unternehmen.<\/p>\n<p>Mit dieser Software k\u00f6nnen Sie schnell Bilder betrachten und konvertieren.<\/p>\n<p>Sie k\u00f6nnen sich \u00fcber 400 verschiedene Formate importieren und ca. 50 exportieren.<\/p>\n<p>Sie k\u00f6nnen eine Auswahl einfach zu bedienender Filter zum Bearbeiten Ihrer Bilder anwenden.<\/p>\n<\/p>\n<p><span style=\"display:block;margin-bottom:50px;\"><\/span><\/p>\n","protected":false},"excerpt":{"rendered":"<p>Hersteller: XnSoft (http:\/\/www.xnview.com\/en\/) Downloads: download von xnview.com (http:\/\/www.xnview.com\/en\/xnview\/) download von chip.de (http:\/\/www.chip.de\/downloads\/XnView-Komplett_12996168.html) Beschreibung: XnView ist eine freie Software f\u00fcr die private, nicht-kommerzielle Nutzung, f\u00fcr Ausbildungszwecke und f\u00fcr Non-Profit-Unternehmen. Mit dieser Software k\u00f6nnen Sie schnell Bilder betrachten und konvertieren. Sie k\u00f6nnen sich \u00fcber 400 verschiedene Formate importieren und ca. 50 exportieren. Sie k\u00f6nnen eine Auswahl einfach [&hellip;]<\/p>\n","protected":false},"author":2,"featured_media":0,"parent":0,"menu_order":0,"comment_status":"closed","ping_status":"open","template":"","meta":{"footnotes":""},"class_list":["post-199","page","type-page","status-publish","hentry","wpautop"],"aioseo_notices":[],"_links":{"self":[{"href":"https:\/\/www.medienzentrum-wmk.de\/wp-technik\/wp-json\/wp\/v2\/pages\/199","targetHints":{"allow":["GET"]}}],"collection":[{"href":"https:\/\/www.medienzentrum-wmk.de\/wp-technik\/wp-json\/wp\/v2\/pages"}],"about":[{"href":"https:\/\/www.medienzentrum-wmk.de\/wp-technik\/wp-json\/wp\/v2\/types\/page"}],"author":[{"embeddable":true,"href":"https:\/\/www.medienzentrum-wmk.de\/wp-technik\/wp-json\/wp\/v2\/users\/2"}],"replies":[{"embeddable":true,"href":"https:\/\/www.medienzentrum-wmk.de\/wp-technik\/wp-json\/wp\/v2\/comments?post=199"}],"version-history":[{"count":1,"href":"https:\/\/www.medienzentrum-wmk.de\/wp-technik\/wp-json\/wp\/v2\/pages\/199\/revisions"}],"predecessor-version":[{"id":253,"href":"https:\/\/www.medienzentrum-wmk.de\/wp-technik\/wp-json\/wp\/v2\/pages\/199\/revisions\/253"}],"wp:attachment":[{"href":"https:\/\/www.medienzentrum-wmk.de\/wp-technik\/wp-json\/wp\/v2\/media?parent=199"}],"curies":[{"name":"wp","href":"https:\/\/api.w.org\/{rel}","templated":true}]}}