{"id":201,"date":"2015-10-19T13:15:28","date_gmt":"2015-10-19T11:15:28","guid":{"rendered":"https:\/\/www.medienzentrum-wmk.de\/wp-technik\/?page_id=201"},"modified":"2015-10-19T13:15:28","modified_gmt":"2015-10-19T11:15:28","slug":"screenpresso","status":"publish","type":"page","link":"https:\/\/www.medienzentrum-wmk.de\/wp-technik\/screenpresso\/","title":{"rendered":"Screenpresso"},"content":{"rendered":"<p><img decoding=\"async\" src=\"https:\/\/www.medienzentrum-wmk.de\/wp-technik\/wp-content\/uploads\/formidable\/Screenpresso.jpg\" alt=\"\" title=\"\" style=\"max-width:500px;\"><\/p>\n<h3>Hersteller:<\/h3>\n<p>Screenpresso (<a href=\"http:\/\/www.screenpresso.com\/de\/\">http:\/\/www.screenpresso.com\/de\/<\/a>)<\/p>\n<h3>Downloads:<\/h3>\n<p>download von screenpresso.com\/de (<a href=\"http:\/\/www.screenpresso.com\/de\/download\/\">http:\/\/www.screenpresso.com\/de\/download\/<\/a>)<br \/>\ndownload von chip.de (<a href=\"http:\/\/www.chip.de\/downloads\/Screenpresso_41213008.html\">http:\/\/www.chip.de\/downloads\/Screenpresso_41213008.html<\/a>)<\/p>\n<h3>Beschreibung:<\/h3>\n<p><p>Wir wollen Ihnen das kostenlose Programm Screenpresso vorstellen mit dem Sie Screenshots verwalten und bearbeiten k\u00f6nnen. Wir benutzen es selbst immer h\u00e4ufiger f\u00fcr das Aufbereiten von Fensterinhalten und dem Schreiben von Anleitungen.<br \/>\nSie k\u00f6nnen mit dem Auswahlwerkzeug Bereiche Ihres Bildschirms markieren, die Sie als Bild abspeichern m\u00f6chten. Wenn ein Fensterinhalt nicht auf den Bildschirm passt, k\u00f6nnen Sie durch scrollen ein gr\u00f6\u00dferes Bild automatisch zusammenrechnen lassen. Bilder werden automatisch gespeichert und in einem kleinen Bildermanager bereitgehalten. Sie k\u00f6nnen die Bilder direkt weiterbearbeiten (siehe Bild) und z.B. schneiden, ausleuchten oder kommentieren. Sie k\u00f6nnen somit einfach Unterrichtsmaterialien aus Webseiteninhalten aufbereiten.<br \/>\nDas Programm ist sogar als portable Version verf\u00fcgbar (vom USB-Stick startbar ohne Installation).<\/p>\n<\/p>\n<p><span style=\"display:block;margin-bottom:50px;\"><\/span><\/p>\n","protected":false},"excerpt":{"rendered":"<p>Hersteller: Screenpresso (http:\/\/www.screenpresso.com\/de\/) Downloads: download von screenpresso.com\/de (http:\/\/www.screenpresso.com\/de\/download\/) download von chip.de (http:\/\/www.chip.de\/downloads\/Screenpresso_41213008.html) Beschreibung: Wir wollen Ihnen das kostenlose Programm Screenpresso vorstellen mit dem Sie Screenshots verwalten und bearbeiten k\u00f6nnen. Wir benutzen es selbst immer h\u00e4ufiger f\u00fcr das Aufbereiten von Fensterinhalten und dem Schreiben von Anleitungen. Sie k\u00f6nnen mit dem Auswahlwerkzeug Bereiche Ihres Bildschirms markieren, die [&hellip;]<\/p>\n","protected":false},"author":2,"featured_media":0,"parent":0,"menu_order":0,"comment_status":"closed","ping_status":"open","template":"","meta":{"footnotes":""},"class_list":["post-201","page","type-page","status-publish","hentry","wpautop"],"aioseo_notices":[],"_links":{"self":[{"href":"https:\/\/www.medienzentrum-wmk.de\/wp-technik\/wp-json\/wp\/v2\/pages\/201","targetHints":{"allow":["GET"]}}],"collection":[{"href":"https:\/\/www.medienzentrum-wmk.de\/wp-technik\/wp-json\/wp\/v2\/pages"}],"about":[{"href":"https:\/\/www.medienzentrum-wmk.de\/wp-technik\/wp-json\/wp\/v2\/types\/page"}],"author":[{"embeddable":true,"href":"https:\/\/www.medienzentrum-wmk.de\/wp-technik\/wp-json\/wp\/v2\/users\/2"}],"replies":[{"embeddable":true,"href":"https:\/\/www.medienzentrum-wmk.de\/wp-technik\/wp-json\/wp\/v2\/comments?post=201"}],"version-history":[{"count":1,"href":"https:\/\/www.medienzentrum-wmk.de\/wp-technik\/wp-json\/wp\/v2\/pages\/201\/revisions"}],"predecessor-version":[{"id":251,"href":"https:\/\/www.medienzentrum-wmk.de\/wp-technik\/wp-json\/wp\/v2\/pages\/201\/revisions\/251"}],"wp:attachment":[{"href":"https:\/\/www.medienzentrum-wmk.de\/wp-technik\/wp-json\/wp\/v2\/media?parent=201"}],"curies":[{"name":"wp","href":"https:\/\/api.w.org\/{rel}","templated":true}]}}