{"id":211,"date":"2015-10-19T13:15:03","date_gmt":"2015-10-19T11:15:03","guid":{"rendered":"https:\/\/www.medienzentrum-wmk.de\/wp-technik\/?page_id=211"},"modified":"2015-10-19T13:15:03","modified_gmt":"2015-10-19T11:15:03","slug":"cryptsync","status":"publish","type":"page","link":"https:\/\/www.medienzentrum-wmk.de\/wp-technik\/cryptsync\/","title":{"rendered":"CryptSync"},"content":{"rendered":"<p><img decoding=\"async\" src=\"https:\/\/www.medienzentrum-wmk.de\/wp-technik\/wp-content\/uploads\/formidable\/cryptSync.jpg\" alt=\"\" title=\"\" style=\"max-width:500px;\"><\/p>\n<h3>Hersteller:<\/h3>\n<p>Stefan K\u00fcng (<a href=\"http:\/\/stefanstools.sourceforge.net\">http:\/\/stefanstools.sourceforge.net<\/a>)<\/p>\n<h3>Downloads:<\/h3>\n<p>download von stefanstools.sourceforge.net (<a href=\"http:\/\/stefanstools.sourceforge.net\/CryptSync.html\">http:\/\/stefanstools.sourceforge.net\/CryptSync.html<\/a>)<br \/>\ndownload von chip.de (<a href=\"http:\/\/www.chip.de\/downloads\/CryptSync_62565435.html\">http:\/\/www.chip.de\/downloads\/CryptSync_62565435.html<\/a>)<\/p>\n<h3>Beschreibung:<\/h3>\n<p><p>Das Freeware Programm CryptSync kann Ihre Dateien verschl\u00fcsseln und gleichzeitig synchronisieren.<br \/>\nHierzu legen Sie ein Ordnerpaar (Quelle\/Ziel) an. Dateien, die Sie in das Quellverzeichnis speichern, werden automatisch in einer verschl\u00fcsselten Version zu dem Zielverzeichnis kopiert.<br \/>\nDas Zielverzeichnis kann z.B. ein Dropbox-Ordner sein (Cloudsystem \u2013 vorgestellt im letzten Newsletter 01\/2013). Nat\u00fcrlich ist es auch m\u00f6glich Ihre lokalen Dateien mit einem externen Medium wie einem USB Stick zu synchronisieren (verschl\u00fcsselte Datensicherung).<br \/>\nWir empfehlen Ihnen bei der Einrichtung des Synchronisationsauftrages eine Einstellung \/ H\u00e4kchen vorzunehmen (siehe Bild). Setzen Sie im Einstellungsfenster das H\u00e4kchen bei \u201eUse .7z insted of \u2026\u201c.<br \/>\nDadurch k\u00f6nnen Sie die Dateien mit einem beliebigen Packprogramm nach Eingabe des festgelegten Kennwortes \u00f6ffnen und sind nicht auf CryptSync angewiesen.<\/p>\n<\/p>\n<p><span style=\"display:block;margin-bottom:50px;\"><\/span><\/p>\n","protected":false},"excerpt":{"rendered":"<p>Hersteller: Stefan K\u00fcng (http:\/\/stefanstools.sourceforge.net) Downloads: download von stefanstools.sourceforge.net (http:\/\/stefanstools.sourceforge.net\/CryptSync.html) download von chip.de (http:\/\/www.chip.de\/downloads\/CryptSync_62565435.html) Beschreibung: Das Freeware Programm CryptSync kann Ihre Dateien verschl\u00fcsseln und gleichzeitig synchronisieren. Hierzu legen Sie ein Ordnerpaar (Quelle\/Ziel) an. Dateien, die Sie in das Quellverzeichnis speichern, werden automatisch in einer verschl\u00fcsselten Version zu dem Zielverzeichnis kopiert. Das Zielverzeichnis kann z.B. ein Dropbox-Ordner [&hellip;]<\/p>\n","protected":false},"author":2,"featured_media":0,"parent":0,"menu_order":0,"comment_status":"closed","ping_status":"open","template":"","meta":{"footnotes":""},"class_list":["post-211","page","type-page","status-publish","hentry","wpautop"],"aioseo_notices":[],"_links":{"self":[{"href":"https:\/\/www.medienzentrum-wmk.de\/wp-technik\/wp-json\/wp\/v2\/pages\/211","targetHints":{"allow":["GET"]}}],"collection":[{"href":"https:\/\/www.medienzentrum-wmk.de\/wp-technik\/wp-json\/wp\/v2\/pages"}],"about":[{"href":"https:\/\/www.medienzentrum-wmk.de\/wp-technik\/wp-json\/wp\/v2\/types\/page"}],"author":[{"embeddable":true,"href":"https:\/\/www.medienzentrum-wmk.de\/wp-technik\/wp-json\/wp\/v2\/users\/2"}],"replies":[{"embeddable":true,"href":"https:\/\/www.medienzentrum-wmk.de\/wp-technik\/wp-json\/wp\/v2\/comments?post=211"}],"version-history":[{"count":1,"href":"https:\/\/www.medienzentrum-wmk.de\/wp-technik\/wp-json\/wp\/v2\/pages\/211\/revisions"}],"predecessor-version":[{"id":245,"href":"https:\/\/www.medienzentrum-wmk.de\/wp-technik\/wp-json\/wp\/v2\/pages\/211\/revisions\/245"}],"wp:attachment":[{"href":"https:\/\/www.medienzentrum-wmk.de\/wp-technik\/wp-json\/wp\/v2\/media?parent=211"}],"curies":[{"name":"wp","href":"https:\/\/api.w.org\/{rel}","templated":true}]}}