{"id":213,"date":"2015-10-19T13:15:26","date_gmt":"2015-10-19T11:15:26","guid":{"rendered":"https:\/\/www.medienzentrum-wmk.de\/wp-technik\/?page_id=213"},"modified":"2015-10-19T13:15:26","modified_gmt":"2015-10-19T11:15:26","slug":"recuva","status":"publish","type":"page","link":"https:\/\/www.medienzentrum-wmk.de\/wp-technik\/recuva\/","title":{"rendered":"Recuva"},"content":{"rendered":"<p><img decoding=\"async\" src=\"https:\/\/www.medienzentrum-wmk.de\/wp-technik\/wp-content\/uploads\/formidable\/recuva.jpg\" alt=\"\" title=\"\" style=\"max-width:500px;\"><\/p>\n<h3>Hersteller:<\/h3>\n<p>Piriform (<a href=\"https:\/\/www.piriform.com\">https:\/\/www.piriform.com<\/a>)<\/p>\n<h3>Downloads:<\/h3>\n<p>download von piriform.com (<a href=\"https:\/\/www.piriform.com\/recuva\">https:\/\/www.piriform.com\/recuva<\/a>)<br \/>\ndownload von chip.de (<a href=\"http:\/\/www.chip.de\/downloads\/Recuva_23935261.html\">http:\/\/www.chip.de\/downloads\/Recuva_23935261.html<\/a>)<\/p>\n<h3>Beschreibung:<\/h3>\n<p><p>Mit dem kostenlosen Programm Recuva k\u00f6nnen Sie gel\u00f6schte Daten von verschiedenen Speichermedien wiederherstellen.<br \/>\nHierbei haben Sie die M\u00f6glichkeit nach Dateitypen und Dateiorten zu filtern.<br \/>\nDie Software bietet einen Schnellscan des ausgew\u00e4hlten Mediums, sowie einen intensiven Scan, der jedoch mehr Zeit ben\u00f6tigt. Nach Abschluss der Suche werden die gefundenen Dateien rot bzw. gr\u00fcn gekennzeichnet aufgelistet. Gr\u00fcn gekennzeichnete Dateien k\u00f6nnen danach wiederhergestellt werden, rote nicht.<\/p>\n<p>Durch dieses Programm ist es somit oftmals m\u00f6glich, Dateien die durch versehentliches l\u00f6schen, Virenbefall oder Systemabst\u00fcrze verloren geglaubt sind, wiederherzustellen.<\/p>\n<\/p>\n<p><span style=\"display:block;margin-bottom:50px;\"><\/span><\/p>\n","protected":false},"excerpt":{"rendered":"<p>Hersteller: Piriform (https:\/\/www.piriform.com) Downloads: download von piriform.com (https:\/\/www.piriform.com\/recuva) download von chip.de (http:\/\/www.chip.de\/downloads\/Recuva_23935261.html) Beschreibung: Mit dem kostenlosen Programm Recuva k\u00f6nnen Sie gel\u00f6schte Daten von verschiedenen Speichermedien wiederherstellen. Hierbei haben Sie die M\u00f6glichkeit nach Dateitypen und Dateiorten zu filtern. Die Software bietet einen Schnellscan des ausgew\u00e4hlten Mediums, sowie einen intensiven Scan, der jedoch mehr Zeit ben\u00f6tigt. Nach [&hellip;]<\/p>\n","protected":false},"author":2,"featured_media":0,"parent":0,"menu_order":0,"comment_status":"closed","ping_status":"open","template":"","meta":{"footnotes":""},"class_list":["post-213","page","type-page","status-publish","hentry","wpautop"],"aioseo_notices":[],"_links":{"self":[{"href":"https:\/\/www.medienzentrum-wmk.de\/wp-technik\/wp-json\/wp\/v2\/pages\/213","targetHints":{"allow":["GET"]}}],"collection":[{"href":"https:\/\/www.medienzentrum-wmk.de\/wp-technik\/wp-json\/wp\/v2\/pages"}],"about":[{"href":"https:\/\/www.medienzentrum-wmk.de\/wp-technik\/wp-json\/wp\/v2\/types\/page"}],"author":[{"embeddable":true,"href":"https:\/\/www.medienzentrum-wmk.de\/wp-technik\/wp-json\/wp\/v2\/users\/2"}],"replies":[{"embeddable":true,"href":"https:\/\/www.medienzentrum-wmk.de\/wp-technik\/wp-json\/wp\/v2\/comments?post=213"}],"version-history":[{"count":1,"href":"https:\/\/www.medienzentrum-wmk.de\/wp-technik\/wp-json\/wp\/v2\/pages\/213\/revisions"}],"predecessor-version":[{"id":250,"href":"https:\/\/www.medienzentrum-wmk.de\/wp-technik\/wp-json\/wp\/v2\/pages\/213\/revisions\/250"}],"wp:attachment":[{"href":"https:\/\/www.medienzentrum-wmk.de\/wp-technik\/wp-json\/wp\/v2\/media?parent=213"}],"curies":[{"name":"wp","href":"https:\/\/api.w.org\/{rel}","templated":true}]}}