{"id":215,"date":"2015-10-19T13:15:30","date_gmt":"2015-10-19T11:15:30","guid":{"rendered":"https:\/\/www.medienzentrum-wmk.de\/wp-technik\/?page_id=215"},"modified":"2015-10-19T13:15:30","modified_gmt":"2015-10-19T11:15:30","slug":"unstoppable-copie","status":"publish","type":"page","link":"https:\/\/www.medienzentrum-wmk.de\/wp-technik\/unstoppable-copie\/","title":{"rendered":"Unstoppable Copie"},"content":{"rendered":"<p><img decoding=\"async\" src=\"https:\/\/www.medienzentrum-wmk.de\/wp-technik\/wp-content\/uploads\/formidable\/roadkill.jpg\" alt=\"\" title=\"\" style=\"max-width:500px;\"><\/p>\n<h3>Hersteller:<\/h3>\n<p>Roadkill (<a href=\"http:\/\/www.roadkil.net\">http:\/\/www.roadkil.net<\/a>)<\/p>\n<h3>Downloads:<\/h3>\n<p>download von roadkil.net (<a href=\"http:\/\/www.roadkil.net\/program.php?ProgramID=29\">http:\/\/www.roadkil.net\/program.php?ProgramID=29<\/a>)<br \/>\ndownload von chip.de (<a href=\"http:\/\/www.chip.de\/downloads\/Unstoppable-Copier_13005271.html\">http:\/\/www.chip.de\/downloads\/Unstoppable-Copier_13005271.html<\/a>)<\/p>\n<h3>Beschreibung:<\/h3>\n<p><p>Zerkratzte oder defekte Datentr\u00e4ger (CD\/DVD) sind oft nicht mehr zu gebrauchen, da die enthaltenen Dateien im Normalfall nicht mehr gelesen werden k\u00f6nnen.<\/p>\n<p>Mit Unstoppable Copier k\u00f6nnen Sie alle noch lesbaren Daten von zerkratzten oder defekten Datentr\u00e4gern retten. Unstoppable Copier versucht alle wiederherstellbaren Daten, oder zumindest Teile einer Datei, zu retten. Dabei ignoriert die Software Pr\u00fcfsummen, die beim Kopieren hinderlich sein k\u00f6nnten.<\/p>\n<p>Diese kostenlose Software versucht alle noch lesbaren Dateien wiederherzustellen und speichert diese in einem Verzeichnis Ihrer Wahl.<\/p>\n<\/p>\n<p><span style=\"display:block;margin-bottom:50px;\"><\/span><\/p>\n","protected":false},"excerpt":{"rendered":"<p>Hersteller: Roadkill (http:\/\/www.roadkil.net) Downloads: download von roadkil.net (http:\/\/www.roadkil.net\/program.php?ProgramID=29) download von chip.de (http:\/\/www.chip.de\/downloads\/Unstoppable-Copier_13005271.html) Beschreibung: Zerkratzte oder defekte Datentr\u00e4ger (CD\/DVD) sind oft nicht mehr zu gebrauchen, da die enthaltenen Dateien im Normalfall nicht mehr gelesen werden k\u00f6nnen. Mit Unstoppable Copier k\u00f6nnen Sie alle noch lesbaren Daten von zerkratzten oder defekten Datentr\u00e4gern retten. Unstoppable Copier versucht alle wiederherstellbaren [&hellip;]<\/p>\n","protected":false},"author":2,"featured_media":0,"parent":0,"menu_order":0,"comment_status":"closed","ping_status":"open","template":"","meta":{"footnotes":""},"class_list":["post-215","page","type-page","status-publish","hentry","wpautop"],"aioseo_notices":[],"_links":{"self":[{"href":"https:\/\/www.medienzentrum-wmk.de\/wp-technik\/wp-json\/wp\/v2\/pages\/215","targetHints":{"allow":["GET"]}}],"collection":[{"href":"https:\/\/www.medienzentrum-wmk.de\/wp-technik\/wp-json\/wp\/v2\/pages"}],"about":[{"href":"https:\/\/www.medienzentrum-wmk.de\/wp-technik\/wp-json\/wp\/v2\/types\/page"}],"author":[{"embeddable":true,"href":"https:\/\/www.medienzentrum-wmk.de\/wp-technik\/wp-json\/wp\/v2\/users\/2"}],"replies":[{"embeddable":true,"href":"https:\/\/www.medienzentrum-wmk.de\/wp-technik\/wp-json\/wp\/v2\/comments?post=215"}],"version-history":[{"count":1,"href":"https:\/\/www.medienzentrum-wmk.de\/wp-technik\/wp-json\/wp\/v2\/pages\/215\/revisions"}],"predecessor-version":[{"id":252,"href":"https:\/\/www.medienzentrum-wmk.de\/wp-technik\/wp-json\/wp\/v2\/pages\/215\/revisions\/252"}],"wp:attachment":[{"href":"https:\/\/www.medienzentrum-wmk.de\/wp-technik\/wp-json\/wp\/v2\/media?parent=215"}],"curies":[{"name":"wp","href":"https:\/\/api.w.org\/{rel}","templated":true}]}}