{"id":345,"date":"2016-07-18T11:06:40","date_gmt":"2016-07-18T09:06:40","guid":{"rendered":"https:\/\/www.medienzentrum-wmk.de\/wp-technik\/xmind-2\/"},"modified":"2016-07-18T11:06:40","modified_gmt":"2016-07-18T09:06:40","slug":"xmind-2","status":"publish","type":"page","link":"https:\/\/www.medienzentrum-wmk.de\/wp-technik\/xmind-2\/","title":{"rendered":"XMind"},"content":{"rendered":"<p><img decoding=\"async\" src=\"https:\/\/www.medienzentrum-wmk.de\/wp-technik\/wp-content\/uploads\/formidable\/xmind.png\" alt=\"XMind\" title=\"XMind\" style=\"max-width:500px;\"><\/p>\n<h3>Hersteller:<\/h3>\n<p>XMind Ltd. (<a href=\"http:\/\/www.xmind.net\">http:\/\/www.xmind.net<\/a>)<\/p>\n<h3>Downloads:<\/h3>\n<p>Download von xmind.net (<a href=\"http:\/\/www.xmind.net\/de\/download\/win\/\">http:\/\/www.xmind.net\/de\/download\/win\/<\/a>)<br \/>\nDownload von heise.de (<a href=\"http:\/\/www.heise.de\/download\/product\/xmind-51774\">http:\/\/www.heise.de\/download\/product\/xmind-51774<\/a>)<\/p>\n<h3>Beschreibung:<\/h3>\n<p><p>Die kostenlose Variante von XMind erm\u00f6glicht es Ihnen Mindmaps und Diagramme zu erstellen. Das Programm stellt viele Formatvorlagen zur Verf\u00fcgung zwischen denen Sie w\u00e4hlen k\u00f6nnen. Man beginnt immer mit dem Hauptknoten an den sich weitere Knoten binden k\u00f6nnen, die sich wiederum auch untergliedern lassen. So kann man gro\u00dfe Strukturen bilden. <\/p>\n<p>Einzelne Knoten k\u00f6nnen Sie grafisch hervorheben in dem Sie diese z. B. mit Farben oder Bildern ausf\u00fcllen. Die in XMind erstellten Diagramme k\u00f6nnen als Grafik exportiert oder online ver\u00f6ffentlicht werden. Au\u00dferdem k\u00f6nnen Sie vorhandene Mindmaps oder Diagramme aus anderen Programmen importieren.<\/p>\n<\/p>\n<p><span style=\"display:block;margin-bottom:50px;\"><\/span><\/p>\n","protected":false},"excerpt":{"rendered":"<p>Hersteller: XMind Ltd. (http:\/\/www.xmind.net) Downloads: Download von xmind.net (http:\/\/www.xmind.net\/de\/download\/win\/) Download von heise.de (http:\/\/www.heise.de\/download\/product\/xmind-51774) Beschreibung: Die kostenlose Variante von XMind erm\u00f6glicht es Ihnen Mindmaps und Diagramme zu erstellen. Das Programm stellt viele Formatvorlagen zur Verf\u00fcgung zwischen denen Sie w\u00e4hlen k\u00f6nnen. Man beginnt immer mit dem Hauptknoten an den sich weitere Knoten binden k\u00f6nnen, die sich wiederum [&hellip;]<\/p>\n","protected":false},"author":1,"featured_media":0,"parent":0,"menu_order":0,"comment_status":"closed","ping_status":"open","template":"","meta":{"footnotes":""},"class_list":["post-345","page","type-page","status-publish","hentry","wpautop"],"aioseo_notices":[],"_links":{"self":[{"href":"https:\/\/www.medienzentrum-wmk.de\/wp-technik\/wp-json\/wp\/v2\/pages\/345","targetHints":{"allow":["GET"]}}],"collection":[{"href":"https:\/\/www.medienzentrum-wmk.de\/wp-technik\/wp-json\/wp\/v2\/pages"}],"about":[{"href":"https:\/\/www.medienzentrum-wmk.de\/wp-technik\/wp-json\/wp\/v2\/types\/page"}],"author":[{"embeddable":true,"href":"https:\/\/www.medienzentrum-wmk.de\/wp-technik\/wp-json\/wp\/v2\/users\/1"}],"replies":[{"embeddable":true,"href":"https:\/\/www.medienzentrum-wmk.de\/wp-technik\/wp-json\/wp\/v2\/comments?post=345"}],"version-history":[{"count":0,"href":"https:\/\/www.medienzentrum-wmk.de\/wp-technik\/wp-json\/wp\/v2\/pages\/345\/revisions"}],"wp:attachment":[{"href":"https:\/\/www.medienzentrum-wmk.de\/wp-technik\/wp-json\/wp\/v2\/media?parent=345"}],"curies":[{"name":"wp","href":"https:\/\/api.w.org\/{rel}","templated":true}]}}