{"id":347,"date":"2016-07-18T11:46:14","date_gmt":"2016-07-18T09:46:14","guid":{"rendered":"https:\/\/www.medienzentrum-wmk.de\/wp-technik\/segmenti-2\/"},"modified":"2018-04-10T11:57:23","modified_gmt":"2018-04-10T09:57:23","slug":"segmenti-2","status":"publish","type":"page","link":"https:\/\/www.medienzentrum-wmk.de\/wp-technik\/segmenti-2\/","title":{"rendered":"Segmenti"},"content":{"rendered":"<p><img decoding=\"async\" src=\"https:\/\/www.medienzentrum-wmk.de\/wp-technik\/wp-content\/uploads\/formidable\/segmenti.png\" alt=\"Segmenti\" title=\"Segmenti\" style=\"max-width:500px;\"><\/p>\n<h3>Hersteller:<\/h3>\n<p>Regine M\u00fcller (Deutschland) (<a href=\"http:\/\/www.cross-plus-a.com\">http:\/\/www.cross-plus-a.com<\/a>)<\/p>\n<h3>Downloads:<\/h3>\n<p>Download von cross-plus-a.com (<a href=\"http:\/\/www.cross-plus-a.com\/segmenti.zip\">http:\/\/www.cross-plus-a.com\/segmenti.zip<\/a>)<br \/>\n (<a href=\"\"><\/a>)<\/p>\n<h3>Beschreibung:<\/h3>\n<p><p>Mit der kostenlosen Lernsoftware Segmenti k\u00f6nnen die Grundbausteine der deutschen Schriftsprache auf spielerische Art trainiert werden. In mehreren Spielmodulen k\u00f6nnen Sie unter anderem die Silbenzahl bestimmen oder trennen, W\u00f6rter bauen und nachbauen oder auch lange W\u00f6rter zusammensetzen u.v.m.  Das Lernprogramm Segmenti bietet Unterrichtsmaterial f\u00fcr den Deutschunterricht. So werden z. B. einzelne Sprachbautexte mit M\u00e4rchentexten erg\u00e4nzt oder Spiele aus bekannten R\u00e4tselheften aufgebaut. Das Programm verf\u00fcgt au\u00dferdem \u00fcber eine Highscoreliste, die den Sch\u00fclern erm\u00f6glicht ihre Erfolge zu sehen.<\/p>\n<\/p>\n<p><span style=\"display:block;margin-bottom:50px;\"><\/span><\/p>\n","protected":false},"excerpt":{"rendered":"<p>Hersteller: Regine M\u00fcller (Deutschland) (http:\/\/www.cross-plus-a.com) Downloads: Download von cross-plus-a.com (http:\/\/www.cross-plus-a.com\/segmenti.zip) () Beschreibung: Mit der kostenlosen Lernsoftware Segmenti k\u00f6nnen die Grundbausteine der deutschen Schriftsprache auf spielerische Art trainiert werden. In mehreren Spielmodulen k\u00f6nnen Sie unter anderem die Silbenzahl bestimmen oder trennen, W\u00f6rter bauen und nachbauen oder auch lange W\u00f6rter zusammensetzen u.v.m. Das Lernprogramm Segmenti bietet Unterrichtsmaterial [&hellip;]<\/p>\n","protected":false},"author":1,"featured_media":0,"parent":0,"menu_order":0,"comment_status":"closed","ping_status":"open","template":"","meta":{"footnotes":""},"class_list":["post-347","page","type-page","status-publish","hentry","wpautop"],"aioseo_notices":[],"_links":{"self":[{"href":"https:\/\/www.medienzentrum-wmk.de\/wp-technik\/wp-json\/wp\/v2\/pages\/347","targetHints":{"allow":["GET"]}}],"collection":[{"href":"https:\/\/www.medienzentrum-wmk.de\/wp-technik\/wp-json\/wp\/v2\/pages"}],"about":[{"href":"https:\/\/www.medienzentrum-wmk.de\/wp-technik\/wp-json\/wp\/v2\/types\/page"}],"author":[{"embeddable":true,"href":"https:\/\/www.medienzentrum-wmk.de\/wp-technik\/wp-json\/wp\/v2\/users\/1"}],"replies":[{"embeddable":true,"href":"https:\/\/www.medienzentrum-wmk.de\/wp-technik\/wp-json\/wp\/v2\/comments?post=347"}],"version-history":[{"count":2,"href":"https:\/\/www.medienzentrum-wmk.de\/wp-technik\/wp-json\/wp\/v2\/pages\/347\/revisions"}],"predecessor-version":[{"id":378,"href":"https:\/\/www.medienzentrum-wmk.de\/wp-technik\/wp-json\/wp\/v2\/pages\/347\/revisions\/378"}],"wp:attachment":[{"href":"https:\/\/www.medienzentrum-wmk.de\/wp-technik\/wp-json\/wp\/v2\/media?parent=347"}],"curies":[{"name":"wp","href":"https:\/\/api.w.org\/{rel}","templated":true}]}}