{"id":5,"date":"2014-04-22T13:52:06","date_gmt":"2014-04-22T11:52:06","guid":{"rendered":"https:\/\/www.medienzentrum-wmk.de\/wp-technik\/?page_id=5"},"modified":"2026-01-20T13:16:02","modified_gmt":"2026-01-20T11:16:02","slug":"medienzentrum-wmk-technik","status":"publish","type":"page","link":"https:\/\/www.medienzentrum-wmk.de\/wp-technik\/","title":{"rendered":"Medienzentrum Werra-Mei\u00dfner-Kreis \u2013 Technik \u2013"},"content":{"rendered":"<div class=\"text\">\n<p>Gegr\u00fcndet wurde das Medienzentrum vom Werra-Mei\u00dfner-Kreis im Jahr 2001. F\u00fcr die n\u00e4chsten Jahre sollte das Medienzentrum in der Tr\u00e4gerschaft der Volkshochschule Eschwege e. V. verbleiben, bevor es am 1. Januar 2007 in den Eigenbetrieb \u201eGeb\u00e4udemanagement Werra-Mei\u00dfner-Kreis\u201c integriert wurde. Am 1. Januar 2014 wurde der Eigenbetrieb \u201eGeb\u00e4udemanagement Werra-Mei\u00dfner-Kreis\u201c in die Kreisverwaltung des Werra-Mei\u00dfner-Kreises eingegliedert und als &#8222;Fachdienst 7.6 &#8211; Geb\u00e4udemanagement&#8220; gef\u00fchrt. Anfang 2023 wurde das <b>Medienzentrum WMK &#8211; Technik<\/b> in <strong>Stab Schulen &#8211; Fachdienst Schul-IT<\/strong> eingegliedert.<\/p>\n<p>Vor der Gr\u00fcndung des Medienzentrums oblag es der Schulverwaltung die Hard- und Software f\u00fcr die Schulen anzuschaffen. Die EDV-Verwaltung lag an den einzelnen Lehrkr\u00e4ften oder EDV-Beauftragten.<\/p>\n<p>Um den Vorgaben des Landes (ein einheitliches Konzept f\u00fcr die Schulen im Werra-Mei\u00dfner-Kreis zu entwickeln) und dem stetig wachsenden EDV-Bestand gerecht zu werden, schien es unumg\u00e4nglich eine Dienstleistungsorganisation mit entsprechender EDV-Kompetenz ins Leben zu rufen.<\/p>\n<p>Bis zum heutigen Tag k\u00fcmmern sich die Mitarbeiter des Medienzentrums um die 38 Schulen des Werra-Mei\u00dfner-Kreises. Zu den Hauptaufgaben geh\u00f6ren:<\/p>\n<ul>\n<li>Beratung bei der Beschaffung von Hard- und Software f\u00fcr Schulen zu g\u00fcnstigen Konditionen (gleiche Plattformen, Schulformbezogen)<\/li>\n<li>Aufbau schulischer Netzwerke (Intranet\/Internet)<\/li>\n<li>Zentrale Betreuung, Wartung und Reparatur der PC-Systeme<\/li>\n<li>Aufbauend auf den bereits angelaufenen Lehrerfortbildungsma\u00dfnahmen ist das MZ mitverantwortlich f\u00fcr eine kontinuierliche Erweiterung der Medienkompetenz von Lehrerinnen und Lehrern<\/li>\n<li>Hilfestellung bei der Erarbeitung bzw. Beschaffung von mediengerechten Unterrichtskonzepten bezogen auf die verschiedenen Schulformen, Schulstufen und Unterrichtsf\u00e4cher in Koordination mit Lehrerinnen und Lehrern<\/li>\n<\/ul>\n<\/div>\n<div class=\"bilder\"><a href=\"https:\/\/www.medienzentrum-wmk.de\/wp-technik\/wp-content\/uploads\/2014\/04\/startkarte_2016.png\" data-rel=\"lightbox-image-0\" data-rl_title=\"\" data-rl_caption=\"\" title=\"\"><img loading=\"lazy\" decoding=\"async\" class=\"alignnone size-medium wp-image-37\" src=\"https:\/\/www.medienzentrum-wmk.de\/wp-technik\/wp-content\/uploads\/2014\/04\/startkarte_2016.png\" alt=\"Startkarte\" width=\"272\" height=\"300\" \/><\/a><br \/>\n<a href=\"https:\/\/www.medienzentrum-wmk.de\/wp-technik\/wp-content\/uploads\/2018\/04\/PC-Systeme-Insgesamt_2017.png\" data-rel=\"lightbox-image-1\" data-rl_title=\"\" data-rl_caption=\"\" title=\"\"><img loading=\"lazy\" decoding=\"async\" class=\"alignnone size-medium wp-image-113\" src=\"https:\/\/www.medienzentrum-wmk.de\/wp-technik\/wp-content\/uploads\/2018\/04\/PC-Systeme-Insgesamt_2017\" alt=\"PC-Systeme-Insgesamt\" width=\"300\" height=\"129\" \/><\/a><br \/>\n<a href=\"https:\/\/www.medienzentrum-wmk.de\/wp-technik\/wp-content\/uploads\/2018\/04\/PC-Systeme-Anschaffungen_2017.png\" data-rel=\"lightbox-image-2\" data-rl_title=\"\" data-rl_caption=\"\" title=\"\"><img loading=\"lazy\" decoding=\"async\" class=\"alignnone size-medium wp-image-112\" src=\"https:\/\/www.medienzentrum-wmk.de\/wp-technik\/wp-content\/uploads\/2018\/04\/PC-Systeme-Anschaffungen_2017.png\" alt=\"PC-Systeme-Anschaffungen\" width=\"300\" height=\"129\" \/><\/a><\/div>\n<div class=\"clear\"><\/div>\n","protected":false},"excerpt":{"rendered":"<p>Gegr\u00fcndet wurde das Medienzentrum vom Werra-Mei\u00dfner-Kreis im Jahr 2001. F\u00fcr die n\u00e4chsten Jahre sollte das Medienzentrum in der Tr\u00e4gerschaft der Volkshochschule Eschwege e. V. verbleiben, bevor es am 1. Januar 2007 in den Eigenbetrieb \u201eGeb\u00e4udemanagement Werra-Mei\u00dfner-Kreis\u201c integriert wurde. Am 1. Januar 2014 wurde der Eigenbetrieb \u201eGeb\u00e4udemanagement Werra-Mei\u00dfner-Kreis\u201c in die Kreisverwaltung des Werra-Mei\u00dfner-Kreises eingegliedert und als [&hellip;]<\/p>\n","protected":false},"author":1,"featured_media":0,"parent":0,"menu_order":0,"comment_status":"closed","ping_status":"closed","template":"","meta":{"footnotes":""},"class_list":["post-5","page","type-page","status-publish","hentry","wpautop"],"aioseo_notices":[],"_links":{"self":[{"href":"https:\/\/www.medienzentrum-wmk.de\/wp-technik\/wp-json\/wp\/v2\/pages\/5","targetHints":{"allow":["GET"]}}],"collection":[{"href":"https:\/\/www.medienzentrum-wmk.de\/wp-technik\/wp-json\/wp\/v2\/pages"}],"about":[{"href":"https:\/\/www.medienzentrum-wmk.de\/wp-technik\/wp-json\/wp\/v2\/types\/page"}],"author":[{"embeddable":true,"href":"https:\/\/www.medienzentrum-wmk.de\/wp-technik\/wp-json\/wp\/v2\/users\/1"}],"replies":[{"embeddable":true,"href":"https:\/\/www.medienzentrum-wmk.de\/wp-technik\/wp-json\/wp\/v2\/comments?post=5"}],"version-history":[{"count":7,"href":"https:\/\/www.medienzentrum-wmk.de\/wp-technik\/wp-json\/wp\/v2\/pages\/5\/revisions"}],"predecessor-version":[{"id":512,"href":"https:\/\/www.medienzentrum-wmk.de\/wp-technik\/wp-json\/wp\/v2\/pages\/5\/revisions\/512"}],"wp:attachment":[{"href":"https:\/\/www.medienzentrum-wmk.de\/wp-technik\/wp-json\/wp\/v2\/media?parent=5"}],"curies":[{"name":"wp","href":"https:\/\/api.w.org\/{rel}","templated":true}]}}